{"id":192,"date":"2017-07-13T09:35:57","date_gmt":"2017-07-13T09:35:57","guid":{"rendered":"http:\/\/tonatheme.com\/newwp\/factory\/?page_id=192"},"modified":"2018-07-01T00:58:33","modified_gmt":"2018-06-30T22:58:33","slug":"services","status":"publish","type":"page","link":"http:\/\/www.sarltoufik.com\/Trailer-en\/services\/","title":{"rendered":"Services"},"content":{"rendered":"<p><section class=\"kc-elm kc-css-632559 kc_row\"><div class=\"kc-row-container  kc-container\"><div class=\"kc-wrap-columns\"><div class=\"kc-elm kc-css-639134 kc_col-sm-12 kc_column kc_col-sm-12\"><div class=\"kc-col-container\"><div class=\"kc-elm kc-css-973429 kc_row kc_row_inner\"><div class=\"kc-elm kc-css-917474 kc_col-sm-12 kc_column_inner kc_col-sm-12\"><div class=\"kc_wrapper kc-col-inner-container\"><div class=\"kc-elm kc-css-657238 kc_text_block\"><\/p>\n<h2><\/h2>\n<h2 style=\"box-sizing: border-box; font-family: Montserrat, sans-serif; font-weight: 600; line-height: 1.1; color: #222222; font-size: 30px; padding: 0px 0px 20px; text-transform: capitalize; background-color: #ffffff;\">QUALITY <span style=\"color: #ffcc00;\">OF OUR SERVICES<\/span><\/h2>\n<p>\n<\/div><\/div><\/div><\/div><\/div><\/div><\/div><\/div><\/section><section class=\"kc-elm kc-css-205568 kc_row\"><div class=\"kc-row-container  kc-container\"><div class=\"kc-wrap-columns\"><div class=\"kc-elm kc-css-270212 kc_col-sm-5 kc_column kc_col-sm-5\"><div class=\"kc-col-container\"><div class=\"kc-elm kc-css-738716 kc_text_block\"><\/p>\n<p><img loading=\"lazy\" class=\"size-medium alignleft\" src=\"http:\/\/www.sarltoufik.com\/Trailer-en\/wp-content\/uploads\/2017\/07\/sondage2.jpg\" alt=\"\" width=\"206\" height=\"250\" \/><\/p>\n<p>Our quality of reception, the quality of our products and the efficiency of our after-sales service, evaluated by our customers through the surveys deployed on our website. LLC TOUFIC Thanks its customers for their trust and fidelity.<\/p>\n<p>\n<\/div><\/div><\/div><div class=\"kc-elm kc-css-48311 kc_col-sm-7 kc_column kc_col-sm-7\"><div class=\"kc-col-container\"><div class=\"kc-elm kc-css-409727 kc-animated kc-animate-eff-bounceInRight kc_shortcode kc_progress_bars \" data-style=\"2\"><div class=\"progress-item\"><span class=\"label\">After sales Service<\/span><div class=\"kc-ui-progress-bar kc-ui-progress-bar2 kc-progress-bar kc-ui-container\"><div class=\"kc-ui-progress kc-ui-progress2\" style=\"background-color: #36a315;width: 98%\" data-value=\"98\" data-speed=\"2800\"><div class=\"ui-label\">\n\t\t\t\t\t<span class=\"value\" style=\"color: #fff712\">98%<\/span>\n\t\t\t\t<\/div><\/div><\/div><\/div><div class=\"progress-item\"><span class=\"label\">Personalized welcome<\/span><div class=\"kc-ui-progress-bar kc-ui-progress-bar2 kc-progress-bar kc-ui-container\"><div class=\"kc-ui-progress kc-ui-progress2\" style=\"background-color: #2d8711;width: 97%\" data-value=\"97\" data-speed=\"2800\"><div class=\"ui-label\">\n\t\t\t\t\t<span class=\"value\" style=\"color: #ffff1c\">97%<\/span>\n\t\t\t\t<\/div><\/div><\/div><\/div><div class=\"progress-item\"><span class=\"label\">Quality of products<\/span><div class=\"kc-ui-progress-bar kc-ui-progress-bar2 kc-progress-bar kc-ui-container\"><div class=\"kc-ui-progress kc-ui-progress2\" style=\"background-color: #297a10;width: 99%\" data-value=\"99\" data-speed=\"2800\"><div class=\"ui-label\">\n\t\t\t\t\t<span class=\"value\" style=\"color: #f8ff30\">99%<\/span>\n\t\t\t\t<\/div><\/div><\/div><\/div><\/div><\/div><\/div><\/div><\/div><\/section><section class=\"kc-elm kc-css-214179 kc_row\"><div class=\"kc-row-container  kc-container\"><div class=\"kc-wrap-columns\"><div class=\"kc-elm kc-css-786029 kc_col-sm-12 kc_column kc_col-sm-12\"><div class=\"kc-col-container\">\n\n<section class=\"our-services\">\n    <div class=\"container\">\n        <div class=\"row\">\n            <div class=\"col-md-4 col-sm-5 col-xs-12\">\n                <div class=\"section-title\">\n                    <h2>OUR SERVICES<\/h2>\n                <\/div> \n            <\/div>\n            <div class=\"col-md-8 col-sm-7 col-xs-12 font-20\">\n                <p>Notre parcours a fait de nous des leaders dans le domaine de la transformation de m\u00e9tal.  Notre exp\u00e9rience et notre savoir faire sont notre fiert\u00e9. La confiance et la satisfaction de nos clients sont notre plus grande r\u00e9compense.<\/p><br>\n            <\/div>\n        <\/div>\n     \n        <div class=\"row\">\n        \t            <div class=\"col-md-4 col-sm-6\">\n                <div class=\"single-our-service\">\n                    <figure class=\"img-box\">\n                        <a href=\"#\"><img width=\"370\" height=\"190\" src=\"http:\/\/www.sarltoufik.com\/Trailer-en\/wp-content\/uploads\/2017\/07\/1-5-370x190.jpg\" class=\"attachment-facto_370x190 size-facto_370x190 wp-post-image\" alt=\"\" loading=\"lazy\" \/><\/a>\n                    <\/figure>\n                    <h4><a href=\"#\">Metal processing<\/a><\/h4>\n                    <p>The LLC TOUFIK is the leader in the transformation of metal including galvanizing, manufacture of tubes of different dimensions and thicknesses (rectangular tube, round, square), welded lattice, corrugated sheet as well as other scales.<\/p>\n                <\/div>\n            <\/div>\n                        <div class=\"col-md-4 col-sm-6\">\n                <div class=\"single-our-service\">\n                    <figure class=\"img-box\">\n                        <a href=\"#\"><img width=\"370\" height=\"190\" src=\"http:\/\/www.sarltoufik.com\/Trailer-en\/wp-content\/uploads\/2017\/07\/5-4-370x190.jpg\" class=\"attachment-facto_370x190 size-facto_370x190 wp-post-image\" alt=\"\" loading=\"lazy\" \/><\/a>\n                    <\/figure>\n                    <h4><a href=\"#\">Manufacture of semi-trailers<\/a><\/h4>\n                    <p>LLC TOUFIK specializes in the production of semi-trailers, dumpsters, semi-trailers and gear carriers. Our main concern is to provide you with safe, reliable and profitable products.<\/p>\n                <\/div>\n            <\/div>\n                        <div class=\"col-md-4 col-sm-6\">\n                <div class=\"single-our-service\">\n                    <figure class=\"img-box\">\n                        <a href=\"#\"><img width=\"370\" height=\"190\" src=\"http:\/\/www.sarltoufik.com\/Trailer-en\/wp-content\/uploads\/2018\/02\/commerce-370x190.jpg\" class=\"attachment-facto_370x190 size-facto_370x190 wp-post-image\" alt=\"\" loading=\"lazy\" \/><\/a>\n                    <\/figure>\n                    <h4><a href=\"#\">Marketing<\/a><\/h4>\n                    <p>Our products are marketed throughout the national territory thanks to our showroom in Algiers, Batna and Oran. Our products are also exported to several foreign countries and are appreciated for their quality and reliability.<\/p>\n                <\/div>\n            <\/div>\n                        <div class=\"col-md-4 col-sm-6\">\n                <div class=\"single-our-service\">\n                    <figure class=\"img-box\">\n                        <a href=\"#\"><img width=\"370\" height=\"190\" src=\"http:\/\/www.sarltoufik.com\/Trailer-en\/wp-content\/uploads\/2017\/07\/3-6-370x190.jpg\" class=\"attachment-facto_370x190 size-facto_370x190 wp-post-image\" alt=\"\" loading=\"lazy\" \/><\/a>\n                    <\/figure>\n                    <h4><a href=\"#\">After sales Service<\/a><\/h4>\n                    <p>LLC TOUFIK offers its customers a dynamic and proactive after-sales service.\u00a0 Availability of original spare part, a skilled and experienced workforce. LLC TOUFIK is present in Algiers, Batna and Oran.<\/p>\n                <\/div>\n            <\/div>\n                        <div class=\"col-md-4 col-sm-6\">\n                <div class=\"single-our-service\">\n                    <figure class=\"img-box\">\n                        <a href=\"#\"><img width=\"370\" height=\"190\" src=\"http:\/\/www.sarltoufik.com\/Trailer-en\/wp-content\/uploads\/2018\/02\/accueil-personalise-1-370x190.jpg\" class=\"attachment-facto_370x190 size-facto_370x190 wp-post-image\" alt=\"\" loading=\"lazy\" \/><\/a>\n                    <\/figure>\n                    <h4><a href=\"#\">Personalized welcome<\/a><\/h4>\n                    <p>LLC TOUFIK offers a warm and personalized welcome. It offers experts who will accompany you to make the choices that are best suited to your needs. The confidentiality of your projects is guaranteed.<\/p>\n                <\/div>\n            <\/div>\n                        <div class=\"col-md-4 col-sm-6\">\n                <div class=\"single-our-service\">\n                    <figure class=\"img-box\">\n                        <a href=\"#\"><img width=\"370\" height=\"190\" src=\"http:\/\/www.sarltoufik.com\/Trailer-en\/wp-content\/uploads\/2018\/02\/veille-techno-370x190.jpg\" class=\"attachment-facto_370x190 size-facto_370x190 wp-post-image\" alt=\"\" loading=\"lazy\" \/><\/a>\n                    <\/figure>\n                    <h4><a href=\"#\">Technology Watch<\/a><\/h4>\n                    <p>The technology watch focuses on the innovations of the sector, new technologies and new products. Thanks to our watch service, we always have the essential knowledge to maintain and increase our competitiveness in the market.<\/p>\n                <\/div>\n            <\/div>\n                    <\/div>\n    <\/div>\n<\/section>\n\n<\/div><\/div><\/div><\/div><\/section><section class=\"kc-elm kc-css-345222 kc_row\"><div class=\"kc-row-container\"><div class=\"kc-wrap-columns\"><div class=\"kc-elm kc-css-211362 kc_col-sm-12 kc_column kc_col-sm-12\"><div class=\"kc-col-container\">\n\n<section class=\"latest-project sec-padd\" style=\"background-image: url(http:\/\/www.sarltoufik.com\/Trailer-en\/wp-content\/uploads\/2017\/07\/5-1.jpg);\">\n    <div class=\"container\">\n        <div class=\"section-title\">\n            <h2>Our Product Range<\/h2>\n        <\/div>\n        <div class=\"latest-project-carousel\">\n        \t            <div class=\"item\">\n                <div class=\"single-project\">\n                    <figure class=\"imghvr-shutter-in-out-horiz\">\n                        <img width=\"270\" height=\"190\" src=\"http:\/\/www.sarltoufik.com\/Trailer-en\/wp-content\/uploads\/2018\/02\/projet1-15-2.jpg\" class=\"attachment-facto_270x190 size-facto_270x190 wp-post-image\" alt=\"\" loading=\"lazy\" \/>                        <figcaption>\n                            <div class=\"content\">\n                                <h4><a href=\"\">Plateau<\/a><\/h4>\n                                                                <p>Notre Gamme de Produits<\/p>\n                            <\/div> \n                        <\/figcaption>\n                    <\/figure>\n                <\/div>\n            <\/div>\n                        <div class=\"item\">\n                <div class=\"single-project\">\n                    <figure class=\"imghvr-shutter-in-out-horiz\">\n                        <img width=\"270\" height=\"190\" src=\"http:\/\/www.sarltoufik.com\/Trailer-en\/wp-content\/uploads\/2018\/02\/projet1-15-1.jpg\" class=\"attachment-facto_270x190 size-facto_270x190 wp-post-image\" alt=\"\" loading=\"lazy\" \/>                        <figcaption>\n                            <div class=\"content\">\n                                <h4><a href=\"\">Citerne a eau<\/a><\/h4>\n                                                                <p>Notre Gamme de Produits<\/p>\n                            <\/div> \n                        <\/figcaption>\n                    <\/figure>\n                <\/div>\n            <\/div>\n                        <div class=\"item\">\n                <div class=\"single-project\">\n                    <figure class=\"imghvr-shutter-in-out-horiz\">\n                        <img width=\"270\" height=\"190\" src=\"http:\/\/www.sarltoufik.com\/Trailer-en\/wp-content\/uploads\/2018\/02\/projet1-13-2.jpg\" class=\"attachment-facto_270x190 size-facto_270x190 wp-post-image\" alt=\"\" loading=\"lazy\" \/>                        <figcaption>\n                            <div class=\"content\">\n                                <h4><a href=\"\">Benne Travaux public<\/a><\/h4>\n                                                                <p>Notre Gamme de Produits<\/p>\n                            <\/div> \n                        <\/figcaption>\n                    <\/figure>\n                <\/div>\n            <\/div>\n                        <div class=\"item\">\n                <div class=\"single-project\">\n                    <figure class=\"imghvr-shutter-in-out-horiz\">\n                        <img width=\"270\" height=\"190\" src=\"http:\/\/www.sarltoufik.com\/Trailer-en\/wp-content\/uploads\/2018\/02\/projet1-10-1.jpg\" class=\"attachment-facto_270x190 size-facto_270x190 wp-post-image\" alt=\"\" loading=\"lazy\" \/>                        <figcaption>\n                            <div class=\"content\">\n                                <h4><a href=\"\">Citerne a eau<\/a><\/h4>\n                                                                <p>Notre Gamme de Produits<\/p>\n                            <\/div> \n                        <\/figcaption>\n                    <\/figure>\n                <\/div>\n            <\/div>\n                        <div class=\"item\">\n                <div class=\"single-project\">\n                    <figure class=\"imghvr-shutter-in-out-horiz\">\n                        <img width=\"270\" height=\"190\" src=\"http:\/\/www.sarltoufik.com\/Trailer-en\/wp-content\/uploads\/2018\/02\/projet1-9-1.jpg\" class=\"attachment-facto_270x190 size-facto_270x190 wp-post-image\" alt=\"\" loading=\"lazy\" \/>                        <figcaption>\n                            <div class=\"content\">\n                                <h4><a href=\"\">Citerne a eau<\/a><\/h4>\n                                                                <p>Notre Gamme de Produits<\/p>\n                            <\/div> \n                        <\/figcaption>\n                    <\/figure>\n                <\/div>\n            <\/div>\n                        <div class=\"item\">\n                <div class=\"single-project\">\n                    <figure class=\"imghvr-shutter-in-out-horiz\">\n                        <img width=\"270\" height=\"190\" src=\"http:\/\/www.sarltoufik.com\/Trailer-en\/wp-content\/uploads\/2018\/02\/projet1-7.jpg\" class=\"attachment-facto_270x190 size-facto_270x190 wp-post-image\" alt=\"\" loading=\"lazy\" \/>                        <figcaption>\n                            <div class=\"content\">\n                                <h4><a href=\"\">Engin de manutention<\/a><\/h4>\n                                                                <p>Notre Gamme de Produits<\/p>\n                            <\/div> \n                        <\/figcaption>\n                    <\/figure>\n                <\/div>\n            <\/div>\n                        <div class=\"item\">\n                <div class=\"single-project\">\n                    <figure class=\"imghvr-shutter-in-out-horiz\">\n                        <img width=\"270\" height=\"190\" src=\"http:\/\/www.sarltoufik.com\/Trailer-en\/wp-content\/uploads\/2018\/02\/projet1-6-1.jpg\" class=\"attachment-facto_270x190 size-facto_270x190 wp-post-image\" alt=\"\" loading=\"lazy\" \/>                        <figcaption>\n                            <div class=\"content\">\n                                <h4><a href=\"\">Engin de manutention<\/a><\/h4>\n                                                                <p>Notre Gamme de Produits<\/p>\n                            <\/div> \n                        <\/figcaption>\n                    <\/figure>\n                <\/div>\n            <\/div>\n                        <div class=\"item\">\n                <div class=\"single-project\">\n                    <figure class=\"imghvr-shutter-in-out-horiz\">\n                        <img width=\"270\" height=\"190\" src=\"http:\/\/www.sarltoufik.com\/Trailer-en\/wp-content\/uploads\/2018\/02\/projet1-20.jpg\" class=\"attachment-facto_270x190 size-facto_270x190 wp-post-image\" alt=\"\" loading=\"lazy\" \/>                        <figcaption>\n                            <div class=\"content\">\n                                <h4><a href=\"\">Citerne Ciment<\/a><\/h4>\n                                                                <p>Notre Gamme de Produits<\/p>\n                            <\/div> \n                        <\/figcaption>\n                    <\/figure>\n                <\/div>\n            <\/div>\n                        <div class=\"item\">\n                <div class=\"single-project\">\n                    <figure class=\"imghvr-shutter-in-out-horiz\">\n                        <img width=\"270\" height=\"190\" src=\"http:\/\/www.sarltoufik.com\/Trailer-en\/wp-content\/uploads\/2018\/02\/projet1-12-1.jpg\" class=\"attachment-facto_270x190 size-facto_270x190 wp-post-image\" alt=\"\" loading=\"lazy\" \/>                        <figcaption>\n                            <div class=\"content\">\n                                <h4><a href=\"\">Transformation de m\u00e9tal<\/a><\/h4>\n                                                                <p>Notre Gamme de Produits<\/p>\n                            <\/div> \n                        <\/figcaption>\n                    <\/figure>\n                <\/div>\n            <\/div>\n                    <\/div>\n    <\/div>\n<\/section>\n\n<\/div><\/div><\/div><\/div><\/section><section class=\"kc-elm kc-css-312766 kc_row\"><div class=\"kc-row-container  kc-container\"><div class=\"kc-wrap-columns\"><div class=\"kc-elm kc-css-889330 kc_col-sm-12 kc_column kc_col-sm-12\"><div class=\"kc-col-container\"><section class=\"brand-logo sec-padd\">\n    <div class=\"container\">\n        <ul class=\"brand-carousel\">\n        \t            <li><a href=\"#\"><img src=\"http:\/\/www.sarltoufik.com\/Trailer-en\/wp-content\/uploads\/2017\/07\/daken.png\" alt=\"Daken\"><\/a><\/li>\n                        <li><a href=\"#\"><img src=\"http:\/\/www.sarltoufik.com\/Trailer-en\/wp-content\/uploads\/2017\/07\/wabco.png\" alt=\"WABCO\"><\/a><\/li>\n                        <li><a href=\"#\"><img src=\"http:\/\/www.sarltoufik.com\/Trailer-en\/wp-content\/uploads\/2017\/07\/aspoeck.png\" alt=\"Aspoeck\"><\/a><\/li>\n                        <li><a href=\"#\"><img src=\"http:\/\/www.sarltoufik.com\/Trailer-en\/wp-content\/uploads\/2017\/07\/pentaneg.png\" alt=\"Hspenta\"><\/a><\/li>\n                        <li><a href=\"#\"><img src=\"http:\/\/www.sarltoufik.com\/Trailer-en\/wp-content\/uploads\/2017\/07\/tirco.png\" alt=\"Tirco\"><\/a><\/li>\n                    <\/ul>\n    <\/div>\n<\/section>\n<\/div><\/div><\/div><\/div><\/section><section class=\"kc-elm kc-css-541533 kc_row\"><div class=\"kc-row-container\"><div class=\"kc-wrap-columns\"><div class=\"kc-elm kc-css-467070 kc_col-sm-12 kc_column kc_col-sm-12\"><div class=\"kc-col-container\"><\/div><\/div><\/div><\/div><\/section><section class=\"kc-elm kc-css-390266 kc_row\"><div class=\"kc-row-container\"><div class=\"kc-wrap-columns\"><div class=\"kc-elm kc-css-650743 kc_col-sm-12 kc_column kc_col-sm-12\"><div class=\"kc-col-container\"><\/div><\/div><\/div><\/div><\/section><section class=\"kc-elm kc-css-531740 kc_row\"><div class=\"kc-row-container  kc-container\"><div class=\"kc-wrap-columns\"><div class=\"kc-elm kc-css-205822 kc_col-sm-12 kc_column kc_col-sm-12\"><div class=\"kc-col-container\"><\/div><\/div><\/div><\/div><\/section><section class=\"kc-elm kc-css-759982 kc_row\"><div class=\"kc-row-container  kc-container\"><div class=\"kc-wrap-columns\"><div class=\"kc-elm kc-css-175932 kc_col-sm-12 kc_column kc_col-sm-12\"><div class=\"kc-col-container\"><\/div><\/div><\/div><\/div><\/section><\/p>\n","protected":false},"excerpt":{"rendered":"","protected":false},"author":1,"featured_media":0,"parent":0,"menu_order":0,"comment_status":"closed","ping_status":"closed","template":"tpl-king_composer.php","meta":[],"_links":{"self":[{"href":"http:\/\/www.sarltoufik.com\/Trailer-en\/wp-json\/wp\/v2\/pages\/192"}],"collection":[{"href":"http:\/\/www.sarltoufik.com\/Trailer-en\/wp-json\/wp\/v2\/pages"}],"about":[{"href":"http:\/\/www.sarltoufik.com\/Trailer-en\/wp-json\/wp\/v2\/types\/page"}],"author":[{"embeddable":true,"href":"http:\/\/www.sarltoufik.com\/Trailer-en\/wp-json\/wp\/v2\/users\/1"}],"replies":[{"embeddable":true,"href":"http:\/\/www.sarltoufik.com\/Trailer-en\/wp-json\/wp\/v2\/comments?post=192"}],"version-history":[{"count":61,"href":"http:\/\/www.sarltoufik.com\/Trailer-en\/wp-json\/wp\/v2\/pages\/192\/revisions"}],"predecessor-version":[{"id":1190,"href":"http:\/\/www.sarltoufik.com\/Trailer-en\/wp-json\/wp\/v2\/pages\/192\/revisions\/1190"}],"wp:attachment":[{"href":"http:\/\/www.sarltoufik.com\/Trailer-en\/wp-json\/wp\/v2\/media?parent=192"}],"curies":[{"name":"wp","href":"https:\/\/api.w.org\/{rel}","templated":true}]}}