{"id":239,"date":"2017-07-14T05:02:28","date_gmt":"2017-07-14T03:02:28","guid":{"rendered":"http:\/\/tonatheme.com\/newwp\/factory\/?page_id=239"},"modified":"2018-06-30T23:39:28","modified_gmt":"2018-06-30T21:39:28","slug":"contact-us","status":"publish","type":"page","link":"http:\/\/www.sarltoufik.com\/Trailer-en\/contact-us\/","title":{"rendered":"Contact"},"content":{"rendered":"<p><section class=\"kc-elm kc-css-933423 kc_row\"><div class=\"kc-row-container  kc-container\"><div class=\"kc-wrap-columns\"><div class=\"kc-elm kc-css-98630 kc_col-sm-12 kc_column kc_col-sm-12\"><div class=\"kc-col-container\"><!--Start contact form area-->\n<section class=\"contact-form-area sec-padd-top\">\n    <div class=\"container\">\n        <div class=\"section-title\">\n            <h2>Contact<span class=\"thm-color\">-Us<\/span><\/h2>\n            <p>For any information concerning the SARLTOUFIK, for any need for advice and expertise concerning our products, do not hesitate to use our contact form or contact us by phone or by email.<\/p>\n        <\/div>\n        \n        <div class=\"row\">\n            <div class=\"col-md-8\">\n                <div class=\"contact-form\">\n                    <div id=\"contact-form\" class=\"default-form\">\n                    \t<div role=\"form\" class=\"wpcf7\" id=\"wpcf7-f243-o1\" lang=\"en-US\" dir=\"ltr\">\n<div class=\"screen-reader-response\"><\/div>\n<form action=\"\/Trailer-en\/wp-json\/wp\/v2\/pages\/239#wpcf7-f243-o1\" method=\"post\" class=\"wpcf7-form\" novalidate=\"novalidate\">\n<div style=\"display: none;\">\n<input type=\"hidden\" name=\"_wpcf7\" value=\"243\" \/>\n<input type=\"hidden\" name=\"_wpcf7_version\" value=\"4.6.1\" \/>\n<input type=\"hidden\" name=\"_wpcf7_locale\" value=\"en_US\" \/>\n<input type=\"hidden\" name=\"_wpcf7_unit_tag\" value=\"wpcf7-f243-o1\" \/>\n<input type=\"hidden\" name=\"_wpnonce\" value=\"6425fa9c4f\" \/>\n<\/div>\n<div class=\"row\">\n<div class=\"col-md-6\"><span class=\"wpcf7-form-control-wrap your-name\"><input type=\"text\" name=\"your-name\" value=\"\" size=\"40\" class=\"wpcf7-form-control wpcf7-text wpcf7-validates-as-required\" aria-required=\"true\" aria-invalid=\"false\" placeholder=\"Your Name*\" \/><\/span><\/div>\n<div class=\"col-md-6\"><span class=\"wpcf7-form-control-wrap your-email\"><input type=\"email\" name=\"your-email\" value=\"\" size=\"40\" class=\"wpcf7-form-control wpcf7-text wpcf7-email wpcf7-validates-as-required wpcf7-validates-as-email\" aria-required=\"true\" aria-invalid=\"false\" placeholder=\"Your Mail*\" \/><\/span><\/div>\n<\/div>\n<div class=\"row\">\n<div class=\"col-md-6\"><span class=\"wpcf7-form-control-wrap your-phone\"><input type=\"text\" name=\"your-phone\" value=\"\" size=\"40\" class=\"wpcf7-form-control wpcf7-text\" aria-invalid=\"false\" placeholder=\"Phone\" \/><\/span><\/div>\n<div class=\"col-md-6\"><span class=\"wpcf7-form-control-wrap your-subject\"><input type=\"text\" name=\"your-subject\" value=\"\" size=\"40\" class=\"wpcf7-form-control wpcf7-text\" aria-invalid=\"false\" placeholder=\"Subject\" \/><\/span><\/div>\n<\/div>\n<div class=\"row\">\n<div class=\"col-md-12\"><span class=\"wpcf7-form-control-wrap your-message\"><textarea name=\"your-message\" cols=\"40\" rows=\"10\" class=\"wpcf7-form-control wpcf7-textarea\" aria-invalid=\"false\" placeholder=\"Your message..\"><\/textarea><\/span><\/div>\n<\/div>\n<div class=\"wpcf7-form-control-wrap\"><div data-sitekey=\"6Lfmm-4aAAAAAF8xupkfaSD_Zwu1Tekl5IZv71dU\" data-theme=\"dark\" data-size=\"compact\" class=\"wpcf7-form-control g-recaptcha wpcf7-recaptcha\"><\/div>\n<noscript>\n\t<div style=\"width: 302px; height: 422px;\">\n\t\t<div style=\"width: 302px; height: 422px; position: relative;\">\n\t\t\t<div style=\"width: 302px; height: 422px; position: absolute;\">\n\t\t\t\t<iframe src=\"https:\/\/www.google.com\/recaptcha\/api\/fallback?k=6Lfmm-4aAAAAAF8xupkfaSD_Zwu1Tekl5IZv71dU\" frameborder=\"0\" scrolling=\"no\" style=\"width: 302px; height:422px; border-style: none;\">\n\t\t\t\t<\/iframe>\n\t\t\t<\/div>\n\t\t\t<div style=\"width: 300px; height: 60px; border-style: none; bottom: 12px; left: 25px; margin: 0px; padding: 0px; right: 25px; background: #f9f9f9; border: 1px solid #c1c1c1; border-radius: 3px;\">\n\t\t\t\t<textarea id=\"g-recaptcha-response\" name=\"g-recaptcha-response\" class=\"g-recaptcha-response\" style=\"width: 250px; height: 40px; border: 1px solid #c1c1c1; margin: 10px 25px; padding: 0px; resize: none;\">\n\t\t\t\t<\/textarea>\n\t\t\t<\/div>\n\t\t<\/div>\n\t<\/div>\n<\/noscript>\n<\/div>\n<div class=\"row\">\n<div class=\"col-md-12\"><input type=\"submit\" value=\"Send message\" class=\"wpcf7-form-control wpcf7-submit thm-btn bg-clr1\" \/><\/div>\n<\/div>\n<div class=\"wpcf7-response-output wpcf7-display-none\"><\/div><\/form><\/div>                    <\/div>  \n                <\/div>\n            <\/div>\n            \n            <div class=\"col-md-4\">\n                <div class=\"footer-contact-info\">\n                    <div class=\"title\">\n                        <h4>Pour nous contacter<\/h4>\n                        <p>N\u2019h\u00e9sitez pas \u00e0 utiliser notre formulaire de contact ou nous contacter par t\u00e9l\u00e9phone ou par Email .<\/p>\n                    <\/div>\n                    <ul class=\"clearfix\">\n                        <li>\n                            <div class=\"iocn-holder\"><span class=\"icon-home\"><\/span><\/div>\n                            <div class=\"text-holder\">\n\t\t\t\t\t\t\t\t<h6>Lot N\u00b0 35, ZI Kechida Batna <\/h6>\r\n<p>BP N\u00b0 76 Algerie 05000<\/p>                            <\/div>\n                        <\/li>\n                        <li>\n                            <div class=\"iocn-holder\"><span class=\"icon-technology-1\"><\/span><\/div>\n                            <div class=\"text-holder\">\n                                <h6>Call Us On<\/h6>\n                                <p>+213(0) 33-22-36-43<\/p>\n                            <\/div>\n                        <\/li>\n                        <li>\n                            <div class=\"iocn-holder\"><span class=\"icon-letter-1\"><\/span><\/div>\n                            <div class=\"text-holder\">\n                                <h6>Mail Us @<\/h6>\n                                <p><a href=\"mailto:contact@sarltoufik.com\">contact@sarltoufik.com<\/a><\/p>\n                            <\/div>\n                        <\/li>\n                    <\/ul>\n                <\/div>\n\n            <\/div>\n        <\/div>\n    <\/div>\n<\/section>\n<!--End contact form area-->\n<div class=\"kc-elm kc-css-270248 kc_text_block\"><\/p>\n<h2><strong>Our\u00a0<span class=\"thm-color\">Coordinates<\/span><\/strong><\/h2>\n<p>\n<\/div><div class=\"kc-elm kc-css-856758 kc_text_block\"><\/p>\n<hr \/>\n<p>\n<\/div><div data-open-on-mouseover=\"yes\" data-tab-active=\"1\" data-effect-option=\"yes\" class=\"kc-elm kc-css-365169 kc_tabs group\">\n\t<div class=\"kc_wrapper ui-tabs kc_clearfix\">\n\t\t<ul class=\"kc_tabs_nav ui-tabs-nav kc_clearfix\">\n\t\t\t<li> <a href=\"#\">Factory & Head Office<\/a><\/li><li> <a href=\"#\">Alger Show Room<\/a><\/li><li><a href=\"#\" data-prevent=\"scroll\">Oran Show Room<\/a><\/li>\t\t<\/ul>\n\t\t<div id=\"factory-head-office\" class=\"kc-elm kc-css-991878 kc_tab ui-tabs-panel kc_ui-tabs-hide kc_clearfix \"><div class=\"kc_tab_content\"><div class=\"kc-elm kc-css-333058 kc_text_block\"><\/p>\n<p>\n<img loading=\"lazy\" class=\"alignnone size-medium\" src=\"http:\/\/www.sarltoufik.com\/Trailer-en\/wp-content\/uploads\/2018\/02\/logo.png\" alt=\"\" width=\"189\" height=\"48\" \/><\/p>\n<p><span style=\"color: #008000;\"><strong>BATNA<\/strong>:<\/span><\/p>\n<p><span style=\"color: #008000;\">Lot N\u00b0 35 ZI Kechida 05000 Batba Alg\u00e9ria<\/span><br \/>\n<span style=\"color: #008000;\">Postal Address:<\/span><\/p>\n<p><span style=\"color: #008000;\">BP N\u00b0 76 ZI Kechida &#8211; Batna Alg\u00e9ria<\/span><\/p>\n<p><span style=\"color: #008000;\">Phone: +213(0)33.22.36.43<\/span><\/p>\n<p><span style=\"color: #008000;\">\u00a0 \u00a0 \u00a0 \u00a0 \u00a0 \u00a0 \u00a0 \u00a0 \u00a0 \u00a0+213(0)33.22.36.44<\/span><\/p>\n<p><span style=\"color: #008000;\">\u00a0 \u00a0 \u00a0 \u00a0 \u00a0 \u00a0 \u00a0 \u00a0 \u00a0 \u00a0+213(0)33.22.36.42<\/span><\/p>\n<p><span style=\"color: #008000;\">Fax:\u00a0 \u00a0 \u00a0 \u00a0 \u00a0 \u00a0 +213(0)33.22.36.41<\/span><\/p>\n<p><span style=\"color: #008000;\">Fax:\u00a0 \u00a0 \u00a0 \u00a0 \u00a0 \u00a0 +213(0)33.22.36.37<\/span><\/p>\n<p><span style=\"color: #008000;\">Mobile:\u00a0 \u00a0 \u00a0 +213(0)661.94.18.86<\/span><\/p>\n<p><span style=\"color: #008000;\">E-Mail:\u00a0 \u00a0 \u00a0 \u00a0sarltoufik@sarltoufik.com\u00a0<\/span><\/p>\n<p>\n<\/div><\/div><\/div><div id=\"alger-show-room\" class=\"kc-elm kc-css-334823 kc_tab ui-tabs-panel kc_ui-tabs-hide kc_clearfix \"><div class=\"kc_tab_content\"><div class=\"kc-elm kc-css-801174 kc_text_block\"><\/p>\n<p style=\"font-size: 13px; line-height: normal; margin: 1em 0px; max-width: 100%; color: #444444; font-family: -apple-system, BlinkMacSystemFont, 'Segoe UI', Roboto, Oxygen-Sans, Ubuntu, Cantarell, 'Helvetica Neue', sans-serif;\"><img loading=\"lazy\" class=\"alignnone size-medium\" src=\"http:\/\/www.sarltoufik.com\/Trailer-en\/wp-content\/uploads\/2018\/02\/logo.png\" alt=\"\" width=\"189\" height=\"48\" \/><\/p>\n<p><strong><span style=\"color: #008000;\">ALGER:<\/span><\/strong><\/p>\n<p><strong><span style=\"color: #008000;\">Dar Elbeida<\/span><\/strong><\/p>\n<p><span style=\"font-style: inherit; color: #008000;\">Phone: +213(0)23.86.35.09<\/span><\/p>\n<p><span style=\"font-style: inherit; color: #008000;\">Tel\/Fax:\u00a0 \u00a0 \u00a0 +213(0)23.86.35.10<\/span><\/p>\n<p><span style=\"color: #008000;\"><span style=\"font-style: inherit;\">Mobile:\u00a0 \u00a0 \u00a0 +213(0)661.34.16.46<\/span><span style=\"font-style: inherit;\">\u00a0<\/span><\/span><\/p>\n<p><strong><span style=\"font-style: inherit; color: #008000;\">Zone Industrielle<\/span><\/strong><\/p>\n<p><span style=\"font-style: inherit; color: #008000;\">Lot N\u00b0 09 Oued Samar -Alger<\/span><\/p>\n<p><span style=\"color: #008000;\">Phone: +213(0)21.51.19.45<span style=\"font-style: inherit;\"><br \/>\n<\/span><\/span><\/p>\n<p><span style=\"color: #008000;\">\u00a0 \u00a0 \u00a0 \u00a0 \u00a0 \u00a0 \u00a0 \u00a0 \u00a0 \u00a0+213(0)21.51.19.56<\/span><\/p>\n<p><span style=\"color: #008000;\">Fax:\u00a0 \u00a0 \u00a0 \u00a0 \u00a0 \u00a0 \u00a0<span style=\"font-style: inherit;\">+213(0)21.51.19.25<\/span><\/span><\/p>\n<p style=\"font-size: 13px; line-height: normal; margin: 1em 0px; max-width: 100%; color: #444444; font-family: -apple-system, BlinkMacSystemFont, 'Segoe UI', Roboto, Oxygen-Sans, Ubuntu, Cantarell, 'Helvetica Neue', sans-serif;\"><span style=\"font-style: inherit;\">\u00a0<\/span><\/p>\n<p>\n<\/div><\/div><\/div><div id=\"oran-show-room\" class=\"kc-elm kc-css-149386 kc_tab ui-tabs-panel kc_ui-tabs-hide kc_clearfix \"><div class=\"kc_tab_content\"><div class=\"kc-elm kc-css-275331 kc_text_block\"><\/p>\n<p>\n<img loading=\"lazy\" class=\"alignnone size-medium\" src=\"http:\/\/www.sarltoufik.com\/Trailer-en\/wp-content\/uploads\/2018\/02\/logo.png\" alt=\"\" width=\"189\" height=\"48\" \/><\/p>\n<p><span style=\"color: #008000;\"><strong>ORAN<\/strong><\/span><\/p>\n<p><span style=\"color: #008000;\">N\u00b0 114 Avenue Sid Chahmi -ORAN<\/span><\/p>\n<p><span style=\"color: #008000;\">Zone Industrielle Nedjema- ORAN<\/span><\/p>\n<p><span style=\"color: #008000;\">T\u00e9l\/Fax:\u00a0 \u00a0 \u00a0 \u00a0+213(0)41.54.15.51<span style=\"font-style: inherit;\"><br \/>\n<\/span><\/span><\/p>\n<p><span style=\"color: #008000;\">+213(0)40.23.92.38<\/span><\/p>\n<p><span style=\"color: #008000;\">Mobile:\u00a0 \u00a0 \u00a0 \u00a0<span style=\"font-style: inherit;\">+213(0)661.21.18.81<\/span><\/span><\/p>\n<p>\n<\/div><\/div><\/div>\t<\/div>\n<\/div>\n\n\n<\/div><\/div><\/div><\/div><\/section><section class=\"kc-elm kc-css-465747 kc_row\"><div class=\"kc-row-container\"><div class=\"kc-wrap-columns\"><div class=\"kc-elm kc-css-108659 kc_col-sm-12 kc_column kc_col-sm-12\"><div class=\"kc-col-container\"><div class=\"kc-elm kc-css-396650 kc-raw-code\"><iframe src=\"https:\/\/www.google.com\/maps\/embed?pb=!1m18!1m12!1m3!1d12980.430783108717!2d6.166402108350878!3d35.57573356417735!2m3!1f0!2f0!3f0!3m2!1i1024!2i768!4f13.1!3m3!1m2!1s0x12f411e58866000b%3A0x7d978bf372afc274!2sSARL+TOUFIK+TRANSFORMATION+DE+M%C3%89TAL+ET+FABRICATION+DE+REMORQUE!5e0!3m2!1sfr!2sdz!4v1518310886497\" width=\"100%\" height=\"450\" frameborder=\"0\" style=\"border:0\" allowfullscreen><\/iframe><\/div><\/div><\/div><\/div><\/div><\/section><section class=\"kc-elm kc-css-132919 kc_row\"><div class=\"kc-row-container\"><div class=\"kc-wrap-columns\"><div class=\"kc-elm kc-css-954315 kc_col-sm-12 kc_column kc_col-sm-12\"><div class=\"kc-col-container\"><\/div><\/div><\/div><\/div><\/section><\/p>\n","protected":false},"excerpt":{"rendered":"","protected":false},"author":1,"featured_media":0,"parent":0,"menu_order":0,"comment_status":"closed","ping_status":"closed","template":"tpl-king_composer.php","meta":[],"_links":{"self":[{"href":"http:\/\/www.sarltoufik.com\/Trailer-en\/wp-json\/wp\/v2\/pages\/239"}],"collection":[{"href":"http:\/\/www.sarltoufik.com\/Trailer-en\/wp-json\/wp\/v2\/pages"}],"about":[{"href":"http:\/\/www.sarltoufik.com\/Trailer-en\/wp-json\/wp\/v2\/types\/page"}],"author":[{"embeddable":true,"href":"http:\/\/www.sarltoufik.com\/Trailer-en\/wp-json\/wp\/v2\/users\/1"}],"replies":[{"embeddable":true,"href":"http:\/\/www.sarltoufik.com\/Trailer-en\/wp-json\/wp\/v2\/comments?post=239"}],"version-history":[{"count":59,"href":"http:\/\/www.sarltoufik.com\/Trailer-en\/wp-json\/wp\/v2\/pages\/239\/revisions"}],"predecessor-version":[{"id":1185,"href":"http:\/\/www.sarltoufik.com\/Trailer-en\/wp-json\/wp\/v2\/pages\/239\/revisions\/1185"}],"wp:attachment":[{"href":"http:\/\/www.sarltoufik.com\/Trailer-en\/wp-json\/wp\/v2\/media?parent=239"}],"curies":[{"name":"wp","href":"https:\/\/api.w.org\/{rel}","templated":true}]}}