{"id":931,"date":"2018-02-20T17:10:05","date_gmt":"2018-02-20T16:10:05","guid":{"rendered":"http:\/\/www.sarltoufik.com\/Trailer-en\/?post_type=product&#038;p=931"},"modified":"2022-01-06T17:18:31","modified_gmt":"2022-01-06T16:18:31","slug":"semi-remorque-plateau-avec-ridelles-3-essieux","status":"publish","type":"product","link":"http:\/\/www.sarltoufik.com\/Trailer-en\/produit\/semi-remorque-plateau-avec-ridelles-3-essieux\/","title":{"rendered":"Plateau Avec Ridelles a 3-Essieux"},"content":{"rendered":"<p><span class=\"style18\"><span class=\"style26\">Semi-Remorque Plateau<\/span><\/span>&nbsp;<span class=\"style28\">avec Ridelles \u00e0 3-Essieux<\/span><\/p>\n<p><img loading=\"lazy\" class=\"alignnone wp-image-933\" src=\"http:\/\/www.sarltoufik.com\/Trailer-en\/wp-content\/uploads\/2018\/02\/3-1-300x132.jpg\" alt=\"\" width=\"1775\" height=\"787\"><\/p>\n<p><img loading=\"lazy\" class=\"alignnone wp-image-934\" src=\"http:\/\/www.sarltoufik.com\/Trailer-en\/wp-content\/uploads\/2018\/02\/3-2-300x216.jpg\" alt=\"\" width=\"1782\" height=\"1283\" srcset=\"http:\/\/www.sarltoufik.com\/Trailer-en\/wp-content\/uploads\/2018\/02\/3-2-300x216.jpg 300w, http:\/\/www.sarltoufik.com\/Trailer-en\/wp-content\/uploads\/2018\/02\/3-2-768x552.jpg 768w, http:\/\/www.sarltoufik.com\/Trailer-en\/wp-content\/uploads\/2018\/02\/3-2-600x431.jpg 600w, http:\/\/www.sarltoufik.com\/Trailer-en\/wp-content\/uploads\/2018\/02\/3-2.jpg 900w\" sizes=\"(max-width: 1782px) 100vw, 1782px\" \/><\/p>\n","protected":false},"excerpt":{"rendered":"<p>Semi remorque plateau avec ridelles 3 essieux &#8211; Livraison imm\u00e9diate &#8211; Service apr\u00e8s vente assur\u00e9 &#8211; Pi\u00e8ce de rechange d\u2019origine disponible<\/p>\n","protected":false},"featured_media":932,"comment_status":"open","ping_status":"closed","template":"","meta":[],"_links":{"self":[{"href":"http:\/\/www.sarltoufik.com\/Trailer-en\/wp-json\/wp\/v2\/product\/931"}],"collection":[{"href":"http:\/\/www.sarltoufik.com\/Trailer-en\/wp-json\/wp\/v2\/product"}],"about":[{"href":"http:\/\/www.sarltoufik.com\/Trailer-en\/wp-json\/wp\/v2\/types\/product"}],"replies":[{"embeddable":true,"href":"http:\/\/www.sarltoufik.com\/Trailer-en\/wp-json\/wp\/v2\/comments?post=931"}],"wp:featuredmedia":[{"embeddable":true,"href":"http:\/\/www.sarltoufik.com\/Trailer-en\/wp-json\/wp\/v2\/media\/932"}],"wp:attachment":[{"href":"http:\/\/www.sarltoufik.com\/Trailer-en\/wp-json\/wp\/v2\/media?parent=931"}],"curies":[{"name":"wp","href":"https:\/\/api.w.org\/{rel}","templated":true}]}}