{"id":982,"date":"2018-02-20T21:33:53","date_gmt":"2018-02-20T20:33:53","guid":{"rendered":"http:\/\/www.sarltoufik.com\/Trailer-en\/?post_type=product&#038;p=982"},"modified":"2018-02-20T21:41:14","modified_gmt":"2018-02-20T20:41:14","slug":"tole-ondulee-tog","status":"publish","type":"product","link":"http:\/\/www.sarltoufik.com\/Trailer-en\/produit\/tole-ondulee-tog\/","title":{"rendered":"T\u00f4le ondul\u00e9e (TOG)"},"content":{"rendered":"<p>T\u00f4le ondul\u00e9e (TOG)<\/p>\n<ul>\n<li>&#8211; Diff\u00e9rentes dimensions et \u00e9paisseurs<\/li>\n<li>&#8211; Autre dimensions sur commande<\/li>\n<li><\/li>\n<\/ul>\n","protected":false},"excerpt":{"rendered":"<p>T\u00f4le ondul\u00e9e (TOG)<\/p>\n<ul>\n<li>&#8211; Diff\u00e9rentes dimensions et \u00e9paisseurs<\/li>\n<li>&#8211; Autre dimensions sur commande<\/li>\n<li><\/li>\n<\/ul>\n","protected":false},"featured_media":983,"comment_status":"open","ping_status":"closed","template":"","meta":[],"_links":{"self":[{"href":"http:\/\/www.sarltoufik.com\/Trailer-en\/wp-json\/wp\/v2\/product\/982"}],"collection":[{"href":"http:\/\/www.sarltoufik.com\/Trailer-en\/wp-json\/wp\/v2\/product"}],"about":[{"href":"http:\/\/www.sarltoufik.com\/Trailer-en\/wp-json\/wp\/v2\/types\/product"}],"replies":[{"embeddable":true,"href":"http:\/\/www.sarltoufik.com\/Trailer-en\/wp-json\/wp\/v2\/comments?post=982"}],"wp:featuredmedia":[{"embeddable":true,"href":"http:\/\/www.sarltoufik.com\/Trailer-en\/wp-json\/wp\/v2\/media\/983"}],"wp:attachment":[{"href":"http:\/\/www.sarltoufik.com\/Trailer-en\/wp-json\/wp\/v2\/media?parent=982"}],"curies":[{"name":"wp","href":"https:\/\/api.w.org\/{rel}","templated":true}]}}