{"id":11,"date":"2017-07-10T11:58:30","date_gmt":"2017-07-10T11:58:30","guid":{"rendered":"http:\/\/tonatheme.com\/newwp\/factory\/?page_id=11"},"modified":"2018-03-04T21:56:54","modified_gmt":"2018-03-04T20:56:54","slug":"qui-sommes-nous","status":"publish","type":"page","link":"http:\/\/www.sarltoufik.com\/Trailer\/qui-sommes-nous\/","title":{"rendered":"QUI SOMMES-NOUS?"},"content":{"rendered":"<p><section class=\"kc-elm kc-css-719618 kc_row\"><div class=\"kc-row-container\"><div class=\"kc-wrap-columns\"><div class=\"kc-elm kc-css-789642 kc_col-sm-12 kc_column kc_col-sm-12\"><div class=\"kc-col-container\"><section class=\"about-us sec-padd-top\">\n    <div class=\"container\">\n        <div class=\"row\">\n            <div class=\"col-md-6 col-sm-12\">\n                <figure class=\"about-img\">\n                    <img src=\"http:\/\/www.sarltoufik.com\/Trailer\/wp-content\/uploads\/2017\/07\/pho-qsn-1024x768.jpg\" alt=\"about titan builders photo\">\n                <\/figure>\n            <\/div>\n            <div class=\"col-md-6 col-sm-12\">\n                <div class=\"about-text\">\n                    <h2>A propos <span class=\"thm-color\"> de nous<\/span><\/h2>\n                    <div class=\"text\">\n                        <p>Cr\u00e9e en 1999 avec un capital social de 1 072 660 000,00 de Dinar, la SARL TOUFIK s\u2019est sp\u00e9cialis\u00e9e initialement dans la transformation de m\u00e9tal notamment la galvanisation, la fabrication de tubes de diff\u00e9rentes dimensions et \u00e9paisseurs (tube rectangulaire, rond, carr\u00e9), treillis soud\u00e9, t\u00f4le ondul\u00e9 ainsi que d\u2019autres gammes.\r\n\r\nAu fil des ann\u00e9es, le savoir-faire acquis canalisa les r\u00eaves et les ambitions et d\u00e9versa l\u2019entreprise, en 1988, dans la fabrication des remorques. Cette ambitieuse r\u00e9alisation donna \u00e0 SARL TOUFIK une autre vocation et celle-ci se sp\u00e9cialisa alors dans la fabrication des semi-remorques plateaux, bennes et porte engins. Les ateliers de SARL TOUFIK  sont \u00e9quip\u00e9s de chaines de production puissantes et de haute technologie donnant \u00e0 leurs productions une valeur internationale.\r\n\r\nLa SARL TOUFIK consacre une \u00e9quipe \u00e0 la veille technologique qui est un v\u00e9ritable laboratoire de recherche et de d\u00e9veloppement.\r\n\r\nImplant\u00e9e dans la Zone Industrielle de Batna sur une superficie de 40000 m2, la SARL TOUFIK Compte aujourd\u2019hui plus de 350 employ\u00e9s \u00e0 son effectif et poss\u00e8de une capacit\u00e9 de production de 1800 V\u00e9hicules par an et 40000 tonnes d\u2019acier.\r\n\r\nLa SARL TOUFIK  a foi que le savoir-faire mat\u00e9rialise les r\u00eaves les plus grands. La SARL TOUFIK a la conviction que l\u2019\u00e9valuation de ses produits se fera par ses clients, c\u2019est pour cela qu\u2019elle fait de la satisfaction des besoins de ses clients un objectif prioritaire.\r\n\r\n \r\n\r\n <\/p>\n                    <\/div>\n                    <div class=\"fact-counter\">\n                        <ul>\n                        \t                            <li class=\"single-fact-counter\">\n                                <div class=\"icon-holder\"><span class=\"sl-user\"><\/span><\/div>\n                                <span class=\"timer\" data-from=\"1\" data-to=\"350\" data-speed=\"5000\" data-refresh-interval=\"50\">350<\/span>\n                                <i class=\"fa fa-plus\" aria-hidden=\"true\"><\/i>\n                                <h3>Employ\u00e9s<\/h3>    \n                            <\/li>\n                                                        <li class=\"single-fact-counter\">\n                                <div class=\"icon-holder\"><span class=\"fa-building-o\"><\/span><\/div>\n                                <span class=\"timer\" data-from=\"1\" data-to=\"1800\" data-speed=\"5000\" data-refresh-interval=\"50\">1800<\/span>\n                                <i class=\"fa fa-plus\" aria-hidden=\"true\"><\/i>\n                                <h3>V\u00e9hicules par an<\/h3>    \n                            <\/li>\n                                                        <li class=\"single-fact-counter\">\n                                <div class=\"icon-holder\"><span class=\"et-tools-2\"><\/span><\/div>\n                                <span class=\"timer\" data-from=\"1\" data-to=\"40000 \" data-speed=\"5000\" data-refresh-interval=\"50\">40000 <\/span>\n                                <i class=\"fa fa-plus\" aria-hidden=\"true\"><\/i>\n                                <h3>Tonnes d\u2019Acier par An<\/h3>    \n                            <\/li>\n                                                    <\/ul>\n                    <\/div>\n                <\/div>\n            <\/div>\n        <\/div>\n    <\/div>\n<\/section><\/div><\/div><\/div><\/div><\/section><section class=\"kc-elm kc-css-132319 kc_row\"><div class=\"kc-row-container\"><div class=\"kc-wrap-columns\"><div class=\"kc-elm kc-css-905574 kc_col-sm-12 kc_column kc_col-sm-12\"><div class=\"kc-col-container\"><section class=\"call-out sec-padd center\" style=\"background-image: url(http:\/\/www.sarltoufik.com\/Trailer\/wp-content\/uploads\/2017\/07\/2-6.jpg);\">\n    <div class=\"container\">\n        <div class=\"content\">\n            <h2>Avez-vous des questions sur notre soci\u00e8t\u00e9?<\/h2>\n            <p>Pour toute information concernant la SARLTOUFIK, pour tout besoin en conseils et expertises relatifs a nos produits, n\u2019h\u00e9sitez pas \u00e0 utiliser notre formulaire de contact ou nous contacter par t\u00e9l\u00e9phone ou par Email .\r\n\r\nEmail: contact@sarltoufik.com\"\r\nT\u00e9l\u00e9phone : +213(0) 33-22-36-43<\/p>\n            <a href=\"http:\/\/www.sarltoufik.com\/Trailer\/contact-us\/\" class=\"thm-btn bg-clr1\">Contactez-nous<\/a>\n        <\/div>\n    <\/div>\n<\/section>\n<\/div><\/div><\/div><\/div><\/section><section class=\"kc-elm kc-css-855411 kc_row\"><div class=\"kc-row-container  kc-container\"><div class=\"kc-wrap-columns\"><div class=\"kc-elm kc-css-592628 kc_col-sm-12 kc_column kc_col-sm-12\"><div class=\"kc-col-container\">\n\n<section class=\"why-chooseus sec-padd2\">\n    <div class=\"container\">\n        <div class=\"section-title center\">\n            <h2>POURQUOI NOUS CHOISIR?<\/h2>\n        <\/div>\n        \n        <div class=\"row\">\n        \t            <div class=\"item col-lg-4 col-md-6 col-sm-12 col-xs-12\">\n                <!--inner-box-->\n                <div class=\"inner-box wow fadeIn animated animated\" data-wow-delay=\"0ms\" data-wow-duration=\"1500ms\" style=\"visibility: visible; animation-duration: 1500ms; animation-delay: 0ms; animation-name: fadeIn;\">\n                    <!--icon-box-->\n                    <div class=\"icon_box\"><span class=\"fa fa-adjust\"><\/span><\/div>\n                    <h4>EQUIPEMENT DE QUALIT\u00c9<\/h4>\n                    <div class=\"text\"><p>SARL TOUFIK veille au respect de la normalisation internationale l\u2019ISO 6165 relative aux engins.<\/p><\/div>\n                <\/div>\n            <\/div>      \n                        <div class=\"item col-lg-4 col-md-6 col-sm-12 col-xs-12\">\n                <!--inner-box-->\n                <div class=\"inner-box wow fadeIn animated animated\" data-wow-delay=\"0ms\" data-wow-duration=\"1500ms\" style=\"visibility: visible; animation-duration: 1500ms; animation-delay: 0ms; animation-name: fadeIn;\">\n                    <!--icon-box-->\n                    <div class=\"icon_box\"><span class=\"fa fa-user\"><\/span><\/div>\n                    <h4>SERVICE APRES VENTE<\/h4>\n                    <div class=\"text\"><p>Notre service apr\u00e8s vente est assur\u00e9 par une \u00e9quipe exp\u00e9riment\u00e9e, dynamique et proactive.<\/p><\/div>\n                <\/div>\n            <\/div>      \n                        <div class=\"item col-lg-4 col-md-6 col-sm-12 col-xs-12\">\n                <!--inner-box-->\n                <div class=\"inner-box wow fadeIn animated animated\" data-wow-delay=\"0ms\" data-wow-duration=\"1500ms\" style=\"visibility: visible; animation-duration: 1500ms; animation-delay: 0ms; animation-name: fadeIn;\">\n                    <!--icon-box-->\n                    <div class=\"icon_box\"><span class=\"fa fa-heart\"><\/span><\/div>\n                    <h4>ACCUEIL CHALEUREUX<\/h4>\n                    <div class=\"text\"><p>SARL TOUFIK vous assure un accueil personnalis\u00e9 afin d\u2019assurer la confidentialit\u00e9 de vos projets.<\/p><\/div>\n                <\/div>\n            <\/div>      \n                    <\/div>\n    <\/div>\n<\/section>\n\n<\/div><\/div><\/div><\/div><\/section><section class=\"kc-elm kc-css-177096 kc_row\"><div class=\"kc-row-container  kc-container\"><div class=\"kc-wrap-columns\"><div class=\"kc-elm kc-css-48976 kc_col-sm-12 kc_column kc_col-sm-12\"><div class=\"kc-col-container\">\n<\/div><\/div><\/div><\/div><\/section><section class=\"kc-elm kc-css-834472 kc_row\"><div class=\"kc-row-container\"><div class=\"kc-wrap-columns\"><div class=\"kc-elm kc-css-381618 kc_col-sm-12 kc_column kc_col-sm-12\"><div class=\"kc-col-container\"><section class=\"subscribe center sec-padd\" style=\"background-image: url(http:\/\/www.sarltoufik.com\/Trailer\/wp-content\/uploads\/2017\/07\/5-1-300x200.jpg);\">\n    <div class=\"container\">\n        <div class=\"row\">\n            <div class=\"col-md-8 col-md-offset-2 col-sm-12 col-xs-12\">\n            \t<h2>S:apos:abonner \u00e0 la newsletter<\/h2>\n                <p>Inscrivez votre E-mail afin de recevoir les nouvelles de SARL TOUFIK<\/p>\n                \n                <form class=\"subscribe-form\" action=\"http:\/\/feedburner.google.com\/fb\/a\/mailverify\">\n                \t<input type=\"hidden\" id=\"uri2\" name=\"uri\" value=\"http\/wwwsarltoufikcom\/Trailer\/feed\">\n                    <input type=\"email\" placeholder=\"Email Address\"><span class=\"fa fa-envelope\"><\/span>\n                    <button type=\"submit\" class=\"thm-btn bg-clr1\">subscribe us<\/button>\n                <\/form>\n            <\/div>\n        <\/div>\n    <\/div>\n<\/section>\n<\/div><\/div><\/div><\/div><\/section><section class=\"kc-elm kc-css-729640 kc_row\"><div class=\"kc-row-container  kc-container\"><div class=\"kc-wrap-columns\"><div class=\"kc-elm kc-css-556515 kc_col-sm-12 kc_column kc_col-sm-12\"><div class=\"kc-col-container\"><\/div><\/div><\/div><\/div><\/section><section class=\"kc-elm kc-css-414386 kc_row\"><div class=\"kc-row-container\"><div class=\"kc-wrap-columns\"><div class=\"kc-elm kc-css-624380 kc_col-sm-12 kc_column kc_col-sm-12\"><div class=\"kc-col-container\"><div class=\"call-out2\">\n    <div class=\"container\">\n        <div class=\"clearfix\">\n            <div class=\"float_left\">\n                <h4>Avez-vous des questions ou besoin d'une consultation d'affaires?<\/h4>\n            <\/div>\n            <div class=\"float_right\">\n                <a href=\"http:\/\/www.sarltoufik.com\/Trailer\/contact-us\/\" class=\"thm-btn bg-clr2\">Besoins de conseils<\/a>\n            <\/div>\n        <\/div>\n    <\/div>\n<\/div>\n<\/div><\/div><\/div><\/div><\/section><\/p>\n","protected":false},"excerpt":{"rendered":"","protected":false},"author":1,"featured_media":0,"parent":0,"menu_order":0,"comment_status":"closed","ping_status":"closed","template":"tpl-king_composer.php","meta":[],"_links":{"self":[{"href":"http:\/\/www.sarltoufik.com\/Trailer\/wp-json\/wp\/v2\/pages\/11"}],"collection":[{"href":"http:\/\/www.sarltoufik.com\/Trailer\/wp-json\/wp\/v2\/pages"}],"about":[{"href":"http:\/\/www.sarltoufik.com\/Trailer\/wp-json\/wp\/v2\/types\/page"}],"author":[{"embeddable":true,"href":"http:\/\/www.sarltoufik.com\/Trailer\/wp-json\/wp\/v2\/users\/1"}],"replies":[{"embeddable":true,"href":"http:\/\/www.sarltoufik.com\/Trailer\/wp-json\/wp\/v2\/comments?post=11"}],"version-history":[{"count":60,"href":"http:\/\/www.sarltoufik.com\/Trailer\/wp-json\/wp\/v2\/pages\/11\/revisions"}],"predecessor-version":[{"id":1113,"href":"http:\/\/www.sarltoufik.com\/Trailer\/wp-json\/wp\/v2\/pages\/11\/revisions\/1113"}],"wp:attachment":[{"href":"http:\/\/www.sarltoufik.com\/Trailer\/wp-json\/wp\/v2\/media?parent=11"}],"curies":[{"name":"wp","href":"https:\/\/api.w.org\/{rel}","templated":true}]}}