{"id":192,"date":"2017-07-13T09:35:57","date_gmt":"2017-07-13T09:35:57","guid":{"rendered":"http:\/\/tonatheme.com\/newwp\/factory\/?page_id=192"},"modified":"2018-02-16T22:18:31","modified_gmt":"2018-02-16T21:18:31","slug":"services","status":"publish","type":"page","link":"http:\/\/www.sarltoufik.com\/Trailer\/services\/","title":{"rendered":"Services"},"content":{"rendered":"<p><section class=\"kc-elm kc-css-994085 kc_row\"><div class=\"kc-row-container  kc-container\"><div class=\"kc-wrap-columns\"><div class=\"kc-elm kc-css-756639 kc_col-sm-12 kc_column kc_col-sm-12\"><div class=\"kc-col-container\"><div class=\"kc-elm kc-css-709100 kc_row kc_row_inner\"><div class=\"kc-elm kc-css-436379 kc_col-sm-12 kc_column_inner kc_col-sm-12\"><div class=\"kc_wrapper kc-col-inner-container\"><div class=\"kc-elm kc-css-664698 kc_text_block\"><\/p>\n<h2>\u00a0<\/h2>\n<h2 style=\"box-sizing: border-box; font-family: Montserrat, sans-serif; font-weight: 600; line-height: 1.1; color: #222222; font-size: 30px; padding: 0px 0px 20px; text-transform: capitalize; background-color: #ffffff;\">QUALIT\u00c9 <span style=\"color: #ffcc00;\">DE NOS SERVICES<\/span><\/h2>\n<p>\n<\/div><\/div><\/div><\/div><\/div><\/div><\/div><\/div><\/section><section class=\"kc-elm kc-css-250718 kc_row\"><div class=\"kc-row-container  kc-container\"><div class=\"kc-wrap-columns\"><div class=\"kc-elm kc-css-214190 kc_col-sm-5 kc_column kc_col-sm-5\"><div class=\"kc-col-container\"><div class=\"kc-elm kc-css-512970 kc_text_block\"><\/p>\n<p><img loading=\"lazy\" class=\"size-medium alignleft\" src=\"http:\/\/www.sarltoufik.com\/Trailer\/wp-content\/uploads\/2017\/07\/sondage2.jpg\" alt=\"\" width=\"206\" height=\"250\" \/><\/p>\n<p>Notre qualit\u00e9 d\u2019accueil, la qualit\u00e9 de nos produits et l\u2019efficacit\u00e9 de notre service apr\u00e8s vente, \u00e9valu\u00e9es par nos clients \u00e0 travers les sondages d\u00e9ploy\u00e9s dans notre site web. SARL TOUFIK remercie ses clients pour leur confiance et leur fid\u00e9lit\u00e9.<\/p>\n<p>\n<\/div><\/div><\/div><div class=\"kc-elm kc-css-398663 kc_col-sm-7 kc_column kc_col-sm-7\"><div class=\"kc-col-container\"><div class=\"kc-elm kc-css-502494 kc-animated kc-animate-eff-bounceInRight kc_shortcode kc_progress_bars \" data-style=\"2\"><div class=\"progress-item\"><span class=\"label\">Service apr\u00e8s vente<\/span><div class=\"kc-ui-progress-bar kc-ui-progress-bar2 kc-progress-bar kc-ui-container\"><div class=\"kc-ui-progress kc-ui-progress2\" style=\"background-color: #36a315;width: 98%\" data-value=\"98\" data-speed=\"2800\"><div class=\"ui-label\">\n\t\t\t\t\t<span class=\"value\" style=\"color: #fff712\">98%<\/span>\n\t\t\t\t<\/div><\/div><\/div><\/div><div class=\"progress-item\"><span class=\"label\">Accueil personnalis\u00e9<\/span><div class=\"kc-ui-progress-bar kc-ui-progress-bar2 kc-progress-bar kc-ui-container\"><div class=\"kc-ui-progress kc-ui-progress2\" style=\"background-color: #2d8711;width: 97%\" data-value=\"97\" data-speed=\"2800\"><div class=\"ui-label\">\n\t\t\t\t\t<span class=\"value\" style=\"color: #ffff1c\">97%<\/span>\n\t\t\t\t<\/div><\/div><\/div><\/div><div class=\"progress-item\"><span class=\"label\">Qualt\u00e9 de produits<\/span><div class=\"kc-ui-progress-bar kc-ui-progress-bar2 kc-progress-bar kc-ui-container\"><div class=\"kc-ui-progress kc-ui-progress2\" style=\"background-color: #297a10;width: 99%\" data-value=\"99\" data-speed=\"2800\"><div class=\"ui-label\">\n\t\t\t\t\t<span class=\"value\" style=\"color: #f8ff30\">99%<\/span>\n\t\t\t\t<\/div><\/div><\/div><\/div><\/div><\/div><\/div><\/div><\/div><\/section><section class=\"kc-elm kc-css-928885 kc_row\"><div class=\"kc-row-container  kc-container\"><div class=\"kc-wrap-columns\"><div class=\"kc-elm kc-css-660892 kc_col-sm-12 kc_column kc_col-sm-12\"><div class=\"kc-col-container\">\n\n<section class=\"our-services\">\n    <div class=\"container\">\n        <div class=\"row\">\n            <div class=\"col-md-4 col-sm-5 col-xs-12\">\n                <div class=\"section-title\">\n                    <h2>NOS SERVICES<\/h2>\n                <\/div> \n            <\/div>\n            <div class=\"col-md-8 col-sm-7 col-xs-12 font-20\">\n                <p>Notre parcours a fait de nous des leaders dans le domaine de la transformation de m\u00e9tal.  Notre exp\u00e9rience et notre savoir faire sont notre fiert\u00e9. La confiance et la satisfaction de nos clients sont notre plus grande r\u00e9compense.<\/p><br>\n            <\/div>\n        <\/div>\n     \n        <div class=\"row\">\n        \t            <div class=\"col-md-4 col-sm-6\">\n                <div class=\"single-our-service\">\n                    <figure class=\"img-box\">\n                        <a href=\"http:\/\/www.sarltoufik.com\/Trailer\/produits\/\"><img width=\"370\" height=\"190\" src=\"http:\/\/www.sarltoufik.com\/Trailer\/wp-content\/uploads\/2017\/07\/1-5-370x190.jpg\" class=\"attachment-facto_370x190 size-facto_370x190 wp-post-image\" alt=\"\" loading=\"lazy\" \/><\/a>\n                    <\/figure>\n                    <h4><a href=\"http:\/\/www.sarltoufik.com\/Trailer\/produits\/\">Transformation de m\u00e9tal<\/a><\/h4>\n                    <p>la SARL TOUFIK\u00a0 est leader dans la transformation de m\u00e9tal notamment la galvanisation, la fabrication de tubes de diff\u00e9rentes dimensions et \u00e9paisseurs (tube rectangulaire, rond, carr\u00e9), treillis soud\u00e9, t\u00f4le ondul\u00e9 ainsi que d\u2019autres gammes.<\/p>\n                <\/div>\n            <\/div>\n                        <div class=\"col-md-4 col-sm-6\">\n                <div class=\"single-our-service\">\n                    <figure class=\"img-box\">\n                        <a href=\"http:\/\/www.sarltoufik.com\/Trailer\/produits\/\"><img width=\"370\" height=\"190\" src=\"http:\/\/www.sarltoufik.com\/Trailer\/wp-content\/uploads\/2017\/07\/5-4-370x190.jpg\" class=\"attachment-facto_370x190 size-facto_370x190 wp-post-image\" alt=\"\" loading=\"lazy\" \/><\/a>\n                    <\/figure>\n                    <h4><a href=\"http:\/\/www.sarltoufik.com\/Trailer\/produits\/\">Fabrication des semi-remorques<\/a><\/h4>\n                    <p>SARL TOUFIK est sp\u00e9cialis\u00e9e dans la production des semi remorques, des bennes, des semi remorques citernes et des porte engins. Notre pr\u00e9occupation\u00a0 principale est de\u00a0 de mettre \u00e0 votre disposition des produits s\u00fbrs, fiables et rentables.<\/p>\n                <\/div>\n            <\/div>\n                        <div class=\"col-md-4 col-sm-6\">\n                <div class=\"single-our-service\">\n                    <figure class=\"img-box\">\n                        <a href=\"http:\/\/www.sarltoufik.com\/Trailer\/produits\/\"><img width=\"370\" height=\"190\" src=\"http:\/\/www.sarltoufik.com\/Trailer\/wp-content\/uploads\/2018\/02\/commerce-370x190.jpg\" class=\"attachment-facto_370x190 size-facto_370x190 wp-post-image\" alt=\"\" loading=\"lazy\" \/><\/a>\n                    <\/figure>\n                    <h4><a href=\"http:\/\/www.sarltoufik.com\/Trailer\/produits\/\">Commercialisation<\/a><\/h4>\n                    <p>Nos produits sont commercialis\u00e9s \u00e0 travers le territoire national gr\u00e2ce \u00e0 \u00a0nos\u00a0 show room d\u2019Alger, de Batna et d\u2019 Oran. Nos produits sont aussi export\u00e9s vers plusieurs pays \u00e9trangers et sont appr\u00e9ci\u00e9s pour leur qualit\u00e9 et leur fiabilit\u00e9.<\/p>\n                <\/div>\n            <\/div>\n                        <div class=\"col-md-4 col-sm-6\">\n                <div class=\"single-our-service\">\n                    <figure class=\"img-box\">\n                        <a href=\"#\"><img width=\"370\" height=\"190\" src=\"http:\/\/www.sarltoufik.com\/Trailer\/wp-content\/uploads\/2017\/07\/3-6-370x190.jpg\" class=\"attachment-facto_370x190 size-facto_370x190 wp-post-image\" alt=\"\" loading=\"lazy\" \/><\/a>\n                    <\/figure>\n                    <h4><a href=\"#\">Service apr\u00e8s vente<\/a><\/h4>\n                    <p>SARL TOUFIK \u00a0met a la disposition de ses clients un service apr\u00e8s-vente dynamique et proactif.\u00a0 Disponibilit\u00e9 de pi\u00e8ce de\u00a0 rechange\u00a0 d&rsquo;origine, une main d&rsquo;\u0153uvre sp\u00e9cialis\u00e9e et exp\u00e9riment\u00e9e. SARL TOUFIK \u00a0est pr\u00e9sente\u00a0\u00e0 Alger, Batna et Oran.<\/p>\n                <\/div>\n            <\/div>\n                        <div class=\"col-md-4 col-sm-6\">\n                <div class=\"single-our-service\">\n                    <figure class=\"img-box\">\n                        <a href=\"#\"><img width=\"370\" height=\"190\" src=\"http:\/\/www.sarltoufik.com\/Trailer\/wp-content\/uploads\/2018\/02\/accueil-personalise-1-370x190.jpg\" class=\"attachment-facto_370x190 size-facto_370x190 wp-post-image\" alt=\"\" loading=\"lazy\" \/><\/a>\n                    <\/figure>\n                    <h4><a href=\"#\">Accueil personnalis\u00e9<\/a><\/h4>\n                    <p>SARL TOUFIK vous r\u00e9serve un accueil chaleureux et personnalis\u00e9. Elle met \u00e0 votre disposition des experts \u00a0qui vous accompagneront pour que vous fassiez les choix les plus adapt\u00e9s \u00e0 vos besoins. La confidentialit\u00e9 de vos projets est\u00a0garantie.<\/p>\n                <\/div>\n            <\/div>\n                        <div class=\"col-md-4 col-sm-6\">\n                <div class=\"single-our-service\">\n                    <figure class=\"img-box\">\n                        <a href=\"#\"><img width=\"370\" height=\"190\" src=\"http:\/\/www.sarltoufik.com\/Trailer\/wp-content\/uploads\/2018\/02\/veille-techno-370x190.jpg\" class=\"attachment-facto_370x190 size-facto_370x190 wp-post-image\" alt=\"\" loading=\"lazy\" \/><\/a>\n                    <\/figure>\n                    <h4><a href=\"#\">Veille technologique<\/a><\/h4>\n                    <p>La veille technologique porte sur les innovations du secteur, les nouvelles techniques et les nouveaux produits. Grace a notre service veille, nous avons toujours Le savoir essentiel pour maintenir et accro\u00eetre notre comp\u00e9titivit\u00e9 sur le march\u00e9.<\/p>\n                <\/div>\n            <\/div>\n                    <\/div>\n    <\/div>\n<\/section>\n\n<\/div><\/div><\/div><\/div><\/section><section class=\"kc-elm kc-css-564169 kc_row\"><div class=\"kc-row-container\"><div class=\"kc-wrap-columns\"><div class=\"kc-elm kc-css-643431 kc_col-sm-12 kc_column kc_col-sm-12\"><div class=\"kc-col-container\">\n\n<section class=\"latest-project sec-padd\" style=\"background-image: url(http:\/\/www.sarltoufik.com\/Trailer\/wp-content\/uploads\/2017\/07\/5-1.jpg);\">\n    <div class=\"container\">\n        <div class=\"section-title\">\n            <h2>Notre Gamme de Produits<\/h2>\n        <\/div>\n        <div class=\"latest-project-carousel\">\n        \t            <div class=\"item\">\n                <div class=\"single-project\">\n                    <figure class=\"imghvr-shutter-in-out-horiz\">\n                        <img width=\"270\" height=\"190\" src=\"http:\/\/www.sarltoufik.com\/Trailer\/wp-content\/uploads\/2018\/02\/projet1-15-2.jpg\" class=\"attachment-facto_270x190 size-facto_270x190 wp-post-image\" alt=\"\" loading=\"lazy\" \/>                        <figcaption>\n                            <div class=\"content\">\n                                <h4><a href=\"\">Plateau<\/a><\/h4>\n                                                                <p>Notre Gamme de Produits<\/p>\n                            <\/div> \n                        <\/figcaption>\n                    <\/figure>\n                <\/div>\n            <\/div>\n                        <div class=\"item\">\n                <div class=\"single-project\">\n                    <figure class=\"imghvr-shutter-in-out-horiz\">\n                        <img width=\"270\" height=\"190\" src=\"http:\/\/www.sarltoufik.com\/Trailer\/wp-content\/uploads\/2018\/02\/projet1-15-1.jpg\" class=\"attachment-facto_270x190 size-facto_270x190 wp-post-image\" alt=\"\" loading=\"lazy\" \/>                        <figcaption>\n                            <div class=\"content\">\n                                <h4><a href=\"\">Citerne a eau<\/a><\/h4>\n                                                                <p>Notre Gamme de Produits<\/p>\n                            <\/div> \n                        <\/figcaption>\n                    <\/figure>\n                <\/div>\n            <\/div>\n                        <div class=\"item\">\n                <div class=\"single-project\">\n                    <figure class=\"imghvr-shutter-in-out-horiz\">\n                        <img width=\"270\" height=\"190\" src=\"http:\/\/www.sarltoufik.com\/Trailer\/wp-content\/uploads\/2018\/02\/projet1-13-2.jpg\" class=\"attachment-facto_270x190 size-facto_270x190 wp-post-image\" alt=\"\" loading=\"lazy\" \/>                        <figcaption>\n                            <div class=\"content\">\n                                <h4><a href=\"\">Benne Travaux public<\/a><\/h4>\n                                                                <p>Notre Gamme de Produits<\/p>\n                            <\/div> \n                        <\/figcaption>\n                    <\/figure>\n                <\/div>\n            <\/div>\n                        <div class=\"item\">\n                <div class=\"single-project\">\n                    <figure class=\"imghvr-shutter-in-out-horiz\">\n                        <img width=\"270\" height=\"190\" src=\"http:\/\/www.sarltoufik.com\/Trailer\/wp-content\/uploads\/2018\/02\/projet1-10-1.jpg\" class=\"attachment-facto_270x190 size-facto_270x190 wp-post-image\" alt=\"\" loading=\"lazy\" \/>                        <figcaption>\n                            <div class=\"content\">\n                                <h4><a href=\"\">Citerne a eau<\/a><\/h4>\n                                                                <p>Notre Gamme de Produits<\/p>\n                            <\/div> \n                        <\/figcaption>\n                    <\/figure>\n                <\/div>\n            <\/div>\n                        <div class=\"item\">\n                <div class=\"single-project\">\n                    <figure class=\"imghvr-shutter-in-out-horiz\">\n                        <img width=\"270\" height=\"190\" src=\"http:\/\/www.sarltoufik.com\/Trailer\/wp-content\/uploads\/2018\/02\/projet1-9-1.jpg\" class=\"attachment-facto_270x190 size-facto_270x190 wp-post-image\" alt=\"\" loading=\"lazy\" \/>                        <figcaption>\n                            <div class=\"content\">\n                                <h4><a href=\"\">Citerne a eau<\/a><\/h4>\n                                                                <p>Notre Gamme de Produits<\/p>\n                            <\/div> \n                        <\/figcaption>\n                    <\/figure>\n                <\/div>\n            <\/div>\n                        <div class=\"item\">\n                <div class=\"single-project\">\n                    <figure class=\"imghvr-shutter-in-out-horiz\">\n                        <img width=\"270\" height=\"190\" src=\"http:\/\/www.sarltoufik.com\/Trailer\/wp-content\/uploads\/2018\/02\/projet1-7.jpg\" class=\"attachment-facto_270x190 size-facto_270x190 wp-post-image\" alt=\"\" loading=\"lazy\" \/>                        <figcaption>\n                            <div class=\"content\">\n                                <h4><a href=\"\">Engin de manutention<\/a><\/h4>\n                                                                <p>Notre Gamme de Produits<\/p>\n                            <\/div> \n                        <\/figcaption>\n                    <\/figure>\n                <\/div>\n            <\/div>\n                        <div class=\"item\">\n                <div class=\"single-project\">\n                    <figure class=\"imghvr-shutter-in-out-horiz\">\n                        <img width=\"270\" height=\"190\" src=\"http:\/\/www.sarltoufik.com\/Trailer\/wp-content\/uploads\/2018\/02\/projet1-6-1.jpg\" class=\"attachment-facto_270x190 size-facto_270x190 wp-post-image\" alt=\"\" loading=\"lazy\" \/>                        <figcaption>\n                            <div class=\"content\">\n                                <h4><a href=\"\">Engin de manutention<\/a><\/h4>\n                                                                <p>Notre Gamme de Produits<\/p>\n                            <\/div> \n                        <\/figcaption>\n                    <\/figure>\n                <\/div>\n            <\/div>\n                        <div class=\"item\">\n                <div class=\"single-project\">\n                    <figure class=\"imghvr-shutter-in-out-horiz\">\n                        <img width=\"270\" height=\"190\" src=\"http:\/\/www.sarltoufik.com\/Trailer\/wp-content\/uploads\/2018\/02\/projet1-20.jpg\" class=\"attachment-facto_270x190 size-facto_270x190 wp-post-image\" alt=\"\" loading=\"lazy\" \/>                        <figcaption>\n                            <div class=\"content\">\n                                <h4><a href=\"\">Citerne Ciment<\/a><\/h4>\n                                                                <p>Notre Gamme de Produits<\/p>\n                            <\/div> \n                        <\/figcaption>\n                    <\/figure>\n                <\/div>\n            <\/div>\n                        <div class=\"item\">\n                <div class=\"single-project\">\n                    <figure class=\"imghvr-shutter-in-out-horiz\">\n                        <img width=\"270\" height=\"190\" src=\"http:\/\/www.sarltoufik.com\/Trailer\/wp-content\/uploads\/2018\/02\/projet1-12-1.jpg\" class=\"attachment-facto_270x190 size-facto_270x190 wp-post-image\" alt=\"\" loading=\"lazy\" \/>                        <figcaption>\n                            <div class=\"content\">\n                                <h4><a href=\"\">Transformation de m\u00e9tal<\/a><\/h4>\n                                                                <p>Notre Gamme de Produits<\/p>\n                            <\/div> \n                        <\/figcaption>\n                    <\/figure>\n                <\/div>\n            <\/div>\n                    <\/div>\n    <\/div>\n<\/section>\n\n<\/div><\/div><\/div><\/div><\/section><section class=\"kc-elm kc-css-625039 kc_row\"><div class=\"kc-row-container  kc-container\"><div class=\"kc-wrap-columns\"><div class=\"kc-elm kc-css-837081 kc_col-sm-12 kc_column kc_col-sm-12\"><div class=\"kc-col-container\"><section class=\"brand-logo sec-padd\">\n    <div class=\"container\">\n        <ul class=\"brand-carousel\">\n        \t            <li><a href=\"#\"><img src=\"http:\/\/www.sarltoufik.com\/Trailer\/wp-content\/uploads\/2017\/07\/daken.png\" alt=\"Daken\"><\/a><\/li>\n                        <li><a href=\"#\"><img src=\"http:\/\/www.sarltoufik.com\/Trailer\/wp-content\/uploads\/2017\/07\/wabco.png\" alt=\"WABCO\"><\/a><\/li>\n                        <li><a href=\"#\"><img src=\"http:\/\/www.sarltoufik.com\/Trailer\/wp-content\/uploads\/2017\/07\/aspoeck.png\" alt=\"Aspoeck\"><\/a><\/li>\n                        <li><a href=\"#\"><img src=\"http:\/\/www.sarltoufik.com\/Trailer\/wp-content\/uploads\/2017\/07\/pentaneg.png\" alt=\"Hspenta\"><\/a><\/li>\n                        <li><a href=\"#\"><img src=\"http:\/\/www.sarltoufik.com\/Trailer\/wp-content\/uploads\/2017\/07\/tirco.png\" alt=\"Tirco\"><\/a><\/li>\n                    <\/ul>\n    <\/div>\n<\/section>\n<\/div><\/div><\/div><\/div><\/section><section class=\"kc-elm kc-css-719854 kc_row\"><div class=\"kc-row-container\"><div class=\"kc-wrap-columns\"><div class=\"kc-elm kc-css-322584 kc_col-sm-12 kc_column kc_col-sm-12\"><div class=\"kc-col-container\"><\/div><\/div><\/div><\/div><\/section><section class=\"kc-elm kc-css-762547 kc_row\"><div class=\"kc-row-container\"><div class=\"kc-wrap-columns\"><div class=\"kc-elm kc-css-238660 kc_col-sm-12 kc_column kc_col-sm-12\"><div class=\"kc-col-container\"><div class=\"call-out2\">\n    <div class=\"container\">\n        <div class=\"clearfix\">\n            <div class=\"float_left\">\n                <h4>Avez-vous des questions ou besoin d'une consultation d'affaires?<\/h4>\n            <\/div>\n            <div class=\"float_right\">\n                <a href=\"http:\/\/www.sarltoufik.com\/Trailer\/contact-us\/\" class=\"thm-btn bg-clr2\">Besoins de conseils<\/a>\n            <\/div>\n        <\/div>\n    <\/div>\n<\/div>\n<\/div><\/div><\/div><\/div><\/section><section class=\"kc-elm kc-css-812442 kc_row\"><div class=\"kc-row-container  kc-container\"><div class=\"kc-wrap-columns\"><div class=\"kc-elm kc-css-533784 kc_col-sm-12 kc_column kc_col-sm-12\"><div class=\"kc-col-container\"><div class=\"call-out2\">\n    <div class=\"container\">\n        <div class=\"clearfix\">\n            <div class=\"float_left\">\n                <h4>Avez-vous des questions ou besoin d'une consultation d'affaires?<\/h4>\n            <\/div>\n            <div class=\"float_right\">\n                <a href=\"http:\/\/www.sarltoufik.com\/Trailer\/contact-us\/\" class=\"thm-btn bg-clr2\">Besoins de conseils<\/a>\n            <\/div>\n        <\/div>\n    <\/div>\n<\/div>\n<\/div><\/div><\/div><\/div><\/section><section class=\"kc-elm kc-css-275066 kc_row\"><div class=\"kc-row-container  kc-container\"><div class=\"kc-wrap-columns\"><div class=\"kc-elm kc-css-959830 kc_col-sm-12 kc_column kc_col-sm-12\"><div class=\"kc-col-container\"><\/div><\/div><\/div><\/div><\/section><\/p>\n","protected":false},"excerpt":{"rendered":"","protected":false},"author":1,"featured_media":0,"parent":0,"menu_order":0,"comment_status":"closed","ping_status":"closed","template":"tpl-king_composer.php","meta":[],"_links":{"self":[{"href":"http:\/\/www.sarltoufik.com\/Trailer\/wp-json\/wp\/v2\/pages\/192"}],"collection":[{"href":"http:\/\/www.sarltoufik.com\/Trailer\/wp-json\/wp\/v2\/pages"}],"about":[{"href":"http:\/\/www.sarltoufik.com\/Trailer\/wp-json\/wp\/v2\/types\/page"}],"author":[{"embeddable":true,"href":"http:\/\/www.sarltoufik.com\/Trailer\/wp-json\/wp\/v2\/users\/1"}],"replies":[{"embeddable":true,"href":"http:\/\/www.sarltoufik.com\/Trailer\/wp-json\/wp\/v2\/comments?post=192"}],"version-history":[{"count":51,"href":"http:\/\/www.sarltoufik.com\/Trailer\/wp-json\/wp\/v2\/pages\/192\/revisions"}],"predecessor-version":[{"id":882,"href":"http:\/\/www.sarltoufik.com\/Trailer\/wp-json\/wp\/v2\/pages\/192\/revisions\/882"}],"wp:attachment":[{"href":"http:\/\/www.sarltoufik.com\/Trailer\/wp-json\/wp\/v2\/media?parent=192"}],"curies":[{"name":"wp","href":"https:\/\/api.w.org\/{rel}","templated":true}]}}