{"id":1126,"date":"2018-03-11T09:21:34","date_gmt":"2018-03-11T08:21:34","guid":{"rendered":"http:\/\/www.sarltoufik.com\/Trailer\/?post_type=product&#038;p=1126"},"modified":"2022-03-27T03:39:27","modified_gmt":"2022-03-27T01:39:27","slug":"chassis-porte-conteneur-20","status":"publish","type":"product","link":"http:\/\/www.sarltoufik.com\/Trailer\/produit\/chassis-porte-conteneur-20\/","title":{"rendered":"CH\u00c2SSIS PORTE-CONTENEUR 20&prime;"},"content":{"rendered":"<p><span style=\"color: #000000;\">Ch\u00e2ssis porte-conteneur \u00e0 2-essiuex, peut s&rsquo;adapter aux exigences de transport de conteneurs maritimes 20&prime;, en particulier dans le transport longues distances.<\/span><\/p>\n<p>&nbsp;<\/p>\n<h2><span style=\"color: #000000;\">Ch\u00e2ssis<\/span><\/h2>\n<p><span style=\"color: #000000;\">Le ch\u00e2ssis est constitu\u00e9 de deux longerons \u00e0 section en I en construction m\u00e9cano-soud\u00e9e, \u00e0 col de cygne ISO 1726 s\u2019adaptant a tout type de tracteur\u00a0; entretois\u00e9s par des traverses en t\u00f4le pli\u00e9e fix\u00e9es solidement aux longerons par soudure<\/span><\/p>\n<p>&nbsp;<\/p>\n<h2><span style=\"color: #000000;\">\u00c9quipements <\/span><\/h2>\n<p><span style=\"color: #000000;\">&#8211; Freinage\u00a0: ABS ou EBS<\/span><\/p>\n<p><span style=\"color: #000000;\">&#8211; Verrous pour conteneurs (04 pi\u00e8ces).<\/span><\/p>\n<p><span style=\"color: #000000;\">&#8211; Roue de secours.<\/span><\/p>\n<p><span style=\"color: #000000;\">&#8211; Porte roue de secours vertical.<\/span><\/p>\n<p><span style=\"color: #000000;\">&#8211; Protection contre les chocs lat\u00e9raux en profile aluminium conform\u00e9ment \u00e0 la r\u00e9glementation.<\/span><\/p>\n<p><span style=\"color: #000000;\">&#8211; Graisseurs sur tous les points de rotation<\/span><\/p>\n<p><span style=\"color: #000000;\">&#8211; Gardes boue plastiques avec bavettes en caoutchouc.<\/span><\/p>\n<p><span style=\"color: #000000;\">&#8211; Coffre \u00e0 outils avec verrou.<\/span><\/p>\n<p><span style=\"color: #000000;\">&#8211; Coffre \u00e0 extincteur.<\/span><\/p>\n<p><span style=\"color: #000000;\">&#8211; Cl\u00e9 de d\u00e9monte roue.<\/span><\/p>\n<p><span style=\"color: #000000;\">&#8211; R\u00e9servoir d\u2019eau lave main<\/span><\/p>\n","protected":false},"excerpt":{"rendered":"<p>CH\u00c2SSIS PORTE-CONTENEUR 20&prime; A 2-ESSIUEX<\/p>\n<p>&#8211; Livraison imm\u00e9diate<\/p>\n<p>&#8211; Service apr\u00e8s-vente assur\u00e9<\/p>\n<p>&#8211; Pi\u00e8ce de rechange d\u2019origine disponible<\/p>\n","protected":false},"featured_media":1130,"comment_status":"open","ping_status":"closed","template":"","meta":[],"product_cat":[31,58],"product_tag":[],"_links":{"self":[{"href":"http:\/\/www.sarltoufik.com\/Trailer\/wp-json\/wp\/v2\/product\/1126"}],"collection":[{"href":"http:\/\/www.sarltoufik.com\/Trailer\/wp-json\/wp\/v2\/product"}],"about":[{"href":"http:\/\/www.sarltoufik.com\/Trailer\/wp-json\/wp\/v2\/types\/product"}],"replies":[{"embeddable":true,"href":"http:\/\/www.sarltoufik.com\/Trailer\/wp-json\/wp\/v2\/comments?post=1126"}],"wp:featuredmedia":[{"embeddable":true,"href":"http:\/\/www.sarltoufik.com\/Trailer\/wp-json\/wp\/v2\/media\/1130"}],"wp:attachment":[{"href":"http:\/\/www.sarltoufik.com\/Trailer\/wp-json\/wp\/v2\/media?parent=1126"}],"wp:term":[{"taxonomy":"product_cat","embeddable":true,"href":"http:\/\/www.sarltoufik.com\/Trailer\/wp-json\/wp\/v2\/product_cat?post=1126"},{"taxonomy":"product_tag","embeddable":true,"href":"http:\/\/www.sarltoufik.com\/Trailer\/wp-json\/wp\/v2\/product_tag?post=1126"}],"curies":[{"name":"wp","href":"https:\/\/api.w.org\/{rel}","templated":true}]}}