{"id":921,"date":"2018-02-20T16:40:40","date_gmt":"2018-02-20T15:40:40","guid":{"rendered":"http:\/\/www.sarltoufik.com\/Trailer\/?post_type=product&#038;p=921"},"modified":"2022-05-16T04:39:57","modified_gmt":"2022-05-16T02:39:57","slug":"benne-travaux-publics-20-m-cube","status":"publish","type":"product","link":"http:\/\/www.sarltoufik.com\/Trailer\/produit\/benne-travaux-publics-20-m-cube\/","title":{"rendered":"BENNE TRAVAUX PUBLIQUE A 2-ESSIEUX"},"content":{"rendered":"<h2 style=\"text-align: center;\"><em>BENNE TRAVAUX PUBLIQUE A 2-ESSIEUX<\/em><\/h2>\n<p><span style=\"color: #000000;\"><u>UTILISATION<\/u><\/span><\/p>\n<p><span style=\"color: #000000;\">V\u00e9hicules con\u00e7us pour l\u2019approvisionnement des chantiers, le transfert d\u2019enrob\u00e9s et de mat\u00e9riaux en vrac homog\u00e8ne, uniform\u00e9ment r\u00e9partis et \u00e0 \u00e9coulement facile.<\/span><\/p>\n<p><span style=\"color: #000000;\"><u>\u00c9QUIPEMENT ROUTIER<\/u><\/span><\/p>\n<p><span style=\"color: #000000;\">Suspension m\u00e9canique<\/span><\/p>\n<ul>\n<li style=\"list-style-type: none;\">\n<ul>\n<li style=\"list-style-type: none;\">\n<ul>\n<li><span style=\"color: #000000;\">Suspension m\u00e9canique \u00e0 04 ressorts multi lames, en acier mangano-siliceux.<\/span><\/li>\n<li><span style=\"color: #000000;\">Deux (02) essieux : charge au sol 13 tonnes par essieu.<\/span><\/li>\n<li><span style=\"color: #000000;\">Barre de traction mont\u00e9e sur Silentbloc.<\/span><\/li>\n<\/ul>\n<\/li>\n<\/ul>\n<\/li>\n<\/ul>\n<p><span style=\"color: #000000;\">Ressorts\u00a0: 11 lames<\/span><\/p>\n<p><span style=\"color: #000000;\">Freins\u00a0: Freinage m\u00e9canique \u00e0 tambour, command\u00e9e par came en S<\/span><\/p>\n<p><span style=\"color: #000000;\">Pneus et roues<\/span><\/p>\n<ul>\n<li style=\"list-style-type: none;\">\n<ul>\n<li style=\"list-style-type: none;\">\n<ul>\n<li><span style=\"color: #000000;\">Monte jumel\u00e9e de roue \u00e0 disque 20\u2033.<\/span><\/li>\n<li><span style=\"color: #000000;\">Huit (08) pneumatiques 315\/80 R22.5.<\/span><\/li>\n<li><span style=\"color: #000000;\">1 roue de secours.<\/span><\/li>\n<\/ul>\n<\/li>\n<\/ul>\n<\/li>\n<\/ul>\n<p><span style=\"color: #000000;\"><u>ATTELAGE<\/u><\/span><\/p>\n<ul>\n<li style=\"list-style-type: none;\">\n<ul>\n<li style=\"list-style-type: none;\">\n<ul>\n<li><span style=\"color: #000000;\">Cheville ouvri\u00e8re 2\u2033 interchangeable 2\u2033 \u00e0 3\u2033<sup>1\/2<\/sup>.<\/span><\/li>\n<li><span style=\"color: #000000;\">Plaque d\u2019attelage renforc\u00e9<\/span><\/li>\n<\/ul>\n<\/li>\n<\/ul>\n<\/li>\n<\/ul>\n<p><span style=\"color: #000000;\"><u>B\u00c9QUILLES<\/u><\/span><\/p>\n<p><span style=\"color: #000000;\">T\u00e9lescopiques \u00e0 2 vitesses.<\/span><\/p>\n<p><span style=\"color: #000000;\"><u>CH\u00c2SSIS<\/u><\/span><\/p>\n<p><span style=\"color: #000000;\">Le ch\u00e2ssis est constitu\u00e9\u00a0de\u00a0:<\/span><\/p>\n<ul>\n<li style=\"list-style-type: none;\">\n<ul>\n<li style=\"list-style-type: none;\">\n<ul>\n<li><span style=\"color: #000000;\">Deux longerons \u00e0 section en I en construction m\u00e9cano-soud\u00e9e\u00a0; \u00e0 col de cygne iso 1726 s\u2019adaptant \u00e0 tout type de tracteur.<\/span><\/li>\n<li><span style=\"color: #000000;\">Des traverses en t\u00f4le pli\u00e9e entretoisant les deux longerons.<\/span><\/li>\n<\/ul>\n<\/li>\n<\/ul>\n<\/li>\n<\/ul>\n<p><span style=\"color: #000000;\"><u>CAISSE<\/u><\/span><\/p>\n<ul>\n<li style=\"list-style-type: none;\">\n<ul>\n<li style=\"list-style-type: none;\">\n<ul>\n<li><span style=\"color: #000000;\">La caisse renforc\u00e9e \u00e0 section rectangulaire avec des flancs rigidifi\u00e9s par des montants en t\u00f4le pli\u00e9e<\/span><\/li>\n<li><span style=\"color: #000000;\">Le d\u00e9chargement est assur\u00e9 par un v\u00e9rin frontal t\u00e9lescopique.<\/span><\/li>\n<li><span style=\"color: #000000;\">Disposant d\u2019un compas stabilisateur, ce dernier permet de maintenir la caisse au ch\u00e2ssis tout en garantissant un relevage s\u00e9curis\u00e9.<\/span><\/li>\n<li><span style=\"color: #000000;\">Une passerelle large avec un garde du corps rigide permet \u00e0 l\u2019op\u00e9rateur de man\u0153uvrer la b\u00e2che en toute s\u00e9curit\u00e9.<\/span><\/li>\n<li><span style=\"color: #000000;\">Lors du bennage s\u2019assurer que l\u2019ensemble soit en ligne droite sur un terrain ferme et sans d\u00e9vers.<\/span><\/li>\n<\/ul>\n<\/li>\n<\/ul>\n<\/li>\n<\/ul>\n<p><span style=\"color: #000000;\"><u>INSTALLATION DE FREINAGE<\/u><\/span><\/p>\n<ul>\n<li style=\"list-style-type: none;\">\n<ul>\n<li style=\"list-style-type: none;\">\n<ul>\n<li style=\"list-style-type: none;\">\n<ul>\n<li><span style=\"color: #000000;\">Frein pneumatique \u00e0 2 circuits conforme aux directives CE.<\/span><\/li>\n<li><span style=\"color: #000000;\">T\u00eates d\u2019accouplement suivant norme ISO 1728, direct avec prise de pression.<\/span><\/li>\n<li><span style=\"color: #000000;\">Valve relais d\u2019urgence avec correcteur automatique de freinage<\/span><\/li>\n<li><span style=\"color: #000000;\">Dispositif d\u2019antiblocage de roues ABS sur 1 essieu (2S\/2M), aliment\u00e9 par prise ISO 7638.<\/span><\/li>\n<li><span style=\"color: #000000;\">Frein de parcage \u00e0 c\u00e2ble.<\/span><\/li>\n<\/ul>\n<\/li>\n<\/ul>\n<\/li>\n<\/ul>\n<\/li>\n<\/ul>\n<p><span style=\"color: #000000;\"><u>\u00c9QUIPEMENT HYDRAULIQUE<\/u><\/span><\/p>\n<p><span style=\"color: #000000;\">V\u00e9rin t\u00e9lescopique frontal a cloche<\/span><\/p>\n<ul>\n<li style=\"list-style-type: none;\">\n<ul>\n<li style=\"list-style-type: none;\">\n<ul>\n<li style=\"list-style-type: none;\">\n<ul>\n<li><span style=\"color: #000000;\">5 expansions<\/span><\/li>\n<li><span style=\"color: #000000;\">Vitesse maximale d\u2019extension inf\u00e9rieure \u00e0 0,2 m\/s<\/span><\/li>\n<li><span style=\"color: #000000;\">Raccord 3\/4\u2033 \u00e0 vis<\/span><\/li>\n<\/ul>\n<\/li>\n<\/ul>\n<\/li>\n<\/ul>\n<\/li>\n<\/ul>\n<p><span style=\"color: #000000;\"><u>\u00c9CLAIRAGE ET SIGNALISATION<\/u><\/span><\/p>\n<ul>\n<li style=\"list-style-type: none;\">\n<ul>\n<li style=\"list-style-type: none;\">\n<ul>\n<li style=\"list-style-type: none;\">\n<ul>\n<li><span style=\"color: #000000;\">Conforme au code de la route.<\/span><\/li>\n<li><span style=\"color: #000000;\">\u00c9lectricit\u00e9 \u00e9tanche non gain\u00e9e.<\/span><\/li>\n<li><span style=\"color: #000000;\">Tension 24 V \u2013 2 prises 7 broches ISO 1185 (24N) et ISO 3731 (24S).<\/span><\/li>\n<li><span style=\"color: #000000;\">Signalisation conforme au code de la route avec feux AR 6 fonctions : feux stop, feux de brouillard, feux de recul, feux lat\u00e9raux, feux clignotants, feux de position.<\/span><\/li>\n<li><span style=\"color: #000000;\">Signalisation lat\u00e9rale par feux \u00e0 LED.<\/span><\/li>\n<li><span style=\"color: #000000;\">Plaques AR r\u00e9tro r\u00e9fl\u00e9chissantes.<\/span><\/li>\n<\/ul>\n<\/li>\n<\/ul>\n<\/li>\n<\/ul>\n<\/li>\n<\/ul>\n<p><span style=\"color: #000000;\"><u>\u00c9QUIPEMENTS<\/u><\/span><\/p>\n<ul>\n<li style=\"list-style-type: none;\">\n<ul>\n<li style=\"list-style-type: none;\">\n<ul>\n<li style=\"list-style-type: none;\">\n<ul>\n<li><span style=\"color: #000000;\">Compas stabilisateur sous caisse pour une meilleure stabilit\u00e9.<\/span><\/li>\n<li><span style=\"color: #000000;\">Verrouillage de la caisse<\/span><\/li>\n<li><span style=\"color: #000000;\">Roue de secours.<\/span><\/li>\n<li><span style=\"color: #000000;\">Porte roue de secours vertical<\/span><\/li>\n<li><span style=\"color: #000000;\">01 Pare-chocs anti-encastrement \u00e0 l\u2019arri\u00e8re.<\/span><\/li>\n<li><span style=\"color: #000000;\">Protection contre les chocs lat\u00e9raux en profile aluminium conform\u00e9ment \u00e0 la r\u00e9glementation<\/span><\/li>\n<li><span style=\"color: #000000;\">Crochets de b\u00e2che sur le p\u00e9rim\u00e8tre de la benne<\/span><\/li>\n<li><span style=\"color: #000000;\">Graisseurs sur tous les points de rotation<\/span><\/li>\n<li><span style=\"color: #000000;\">Gardes boue plastiques avec bavettes en caoutchouc<\/span><\/li>\n<\/ul>\n<\/li>\n<\/ul>\n<\/li>\n<\/ul>\n<\/li>\n<\/ul>\n<p><span style=\"color: #000000;\"><u>AUTRES \u00c9QUIPEMENTS <\/u><\/span><\/p>\n<ul>\n<li style=\"list-style-type: none;\">\n<ul>\n<li style=\"list-style-type: none;\">\n<ul>\n<li style=\"list-style-type: none;\">\n<ul>\n<li><span style=\"color: #000000;\">Coffre \u00e0 outils avec verrou<\/span><\/li>\n<li><span style=\"color: #000000;\">Coffre \u00e0 extincteur (sans extincteur)<\/span><\/li>\n<li><span style=\"color: #000000;\">Cl\u00e9 de d\u00e9monte roue.<\/span><\/li>\n<li><span style=\"color: #000000;\">R\u00e9servoir d\u2019eau lave main<\/span><\/li>\n<\/ul>\n<\/li>\n<\/ul>\n<\/li>\n<\/ul>\n<\/li>\n<\/ul>\n<p><span style=\"color: #000000;\"><u>TRAITEMENT DE SURFACE <\/u><\/span><\/p>\n<ul>\n<li style=\"list-style-type: none;\">\n<ul>\n<li style=\"list-style-type: none;\">\n<ul>\n<li style=\"list-style-type: none;\">\n<ul>\n<li><span style=\"color: #000000;\">2 couches d\u2019appr\u00eat antirouille.<\/span><\/li>\n<\/ul>\n<\/li>\n<\/ul>\n<\/li>\n<\/ul>\n<\/li>\n<\/ul>\n<p><span style=\"color: #000000;\">Deux\u00a0couches de finition : couleur aux choix du client.<\/span><\/p>\n","protected":false},"excerpt":{"rendered":"<p><span style=\"color: #000000;\">&#8211; S<span class=\"st\">yst\u00e8mes de freinage : ABS<\/span><\/span><br \/>\n<span style=\"color: #000000;\">&#8211; Livraison imm\u00e9diate<\/span><br \/>\n<span style=\"color: #000000;\">&#8211; Service apr\u00e8s-vente assur\u00e9<\/span><br \/>\n<span style=\"color: #000000;\">&#8211; Pi\u00e8ce de rechange d\u2019origine disponible<\/span><\/p>\n","protected":false},"featured_media":1158,"comment_status":"open","ping_status":"closed","template":"","meta":[],"product_cat":[59,31],"product_tag":[],"_links":{"self":[{"href":"http:\/\/www.sarltoufik.com\/Trailer\/wp-json\/wp\/v2\/product\/921"}],"collection":[{"href":"http:\/\/www.sarltoufik.com\/Trailer\/wp-json\/wp\/v2\/product"}],"about":[{"href":"http:\/\/www.sarltoufik.com\/Trailer\/wp-json\/wp\/v2\/types\/product"}],"replies":[{"embeddable":true,"href":"http:\/\/www.sarltoufik.com\/Trailer\/wp-json\/wp\/v2\/comments?post=921"}],"wp:featuredmedia":[{"embeddable":true,"href":"http:\/\/www.sarltoufik.com\/Trailer\/wp-json\/wp\/v2\/media\/1158"}],"wp:attachment":[{"href":"http:\/\/www.sarltoufik.com\/Trailer\/wp-json\/wp\/v2\/media?parent=921"}],"wp:term":[{"taxonomy":"product_cat","embeddable":true,"href":"http:\/\/www.sarltoufik.com\/Trailer\/wp-json\/wp\/v2\/product_cat?post=921"},{"taxonomy":"product_tag","embeddable":true,"href":"http:\/\/www.sarltoufik.com\/Trailer\/wp-json\/wp\/v2\/product_tag?post=921"}],"curies":[{"name":"wp","href":"https:\/\/api.w.org\/{rel}","templated":true}]}}